{"id":1041,"date":"2023-08-29T17:46:53","date_gmt":"2023-08-29T15:46:53","guid":{"rendered":"http:\/\/www.pc73.net\/wpfacplus\/?page_id=1041"},"modified":"2023-09-25T12:11:03","modified_gmt":"2023-09-25T10:11:03","slug":"tosa-2","status":"publish","type":"page","link":"http:\/\/www.pc73.net\/wpfacplus\/tosa-2\/","title":{"rendered":"Tosa"},"content":{"rendered":"\n<div class=\"wp-block-cover is-light ticss-2945d55b\"><span aria-hidden=\"true\" class=\"wp-block-cover__background has-background-dim\"><\/span><img loading=\"lazy\" decoding=\"async\" width=\"1902\" height=\"710\" class=\"wp-block-cover__image-background wp-image-1282\" alt=\"\" src=\"http:\/\/www.pc73.net\/wpfacplus\/wp-content\/uploads\/2023\/08\/cert.jpg\" style=\"object-position:81% 33%\" data-object-fit=\"cover\" data-object-position=\"81% 33%\" srcset=\"http:\/\/www.pc73.net\/wpfacplus\/wp-content\/uploads\/2023\/08\/cert.jpg 1902w, http:\/\/www.pc73.net\/wpfacplus\/wp-content\/uploads\/2023\/08\/cert-300x112.jpg 300w, http:\/\/www.pc73.net\/wpfacplus\/wp-content\/uploads\/2023\/08\/cert-1024x382.jpg 1024w, http:\/\/www.pc73.net\/wpfacplus\/wp-content\/uploads\/2023\/08\/cert-768x287.jpg 768w, http:\/\/www.pc73.net\/wpfacplus\/wp-content\/uploads\/2023\/08\/cert-1536x573.jpg 1536w\" sizes=\"auto, (max-width: 1902px) 100vw, 1902px\" \/><div class=\"wp-block-cover__inner-container is-layout-constrained wp-block-cover-is-layout-constrained\">\n<p class=\"has-text-align-center has-large-font-size\"><\/p>\n<\/div><\/div>\n\n\n\n<div style=\"height:50px\" aria-hidden=\"true\" class=\"wp-block-spacer\"><\/div>\n\n\n\n<h2 class=\"wp-block-heading has-text-align-center has-neve-link-color-color has-text-color\">La certification ISOGRAD &#8211; le TOSA c&rsquo;est quoi ?<\/h2>\n\n\n\n<div id=\"wp-block-themeisle-blocks-advanced-columns-abdae0df\" class=\"wp-block-themeisle-blocks-advanced-columns has-1-columns has-desktop-equal-layout has-tablet-equal-layout has-mobile-equal-layout has-vertical-unset\"><div class=\"wp-block-themeisle-blocks-advanced-columns-overlay\"><\/div><div class=\"innerblocks-wrap\">\n<div id=\"wp-block-themeisle-blocks-advanced-column-b9e52b15\" class=\"wp-block-themeisle-blocks-advanced-column ticss-b9e52b15\">\n<p>En tant que salari\u00e9 ou demandeurs d\u2019emploi, si vous souhaitez suivre une&nbsp; formation sur&nbsp;les logiciels de bureautique (<mark style=\"background-color:rgba(0, 0, 0, 0)\" class=\"has-inline-color has-neve-link-color-color\"><strong>excel, word, powerpoint, outlook, vba, access, calc, writer et impress<\/strong><\/mark>), multim\u00e9dia (<mark style=\"background-color:rgba(0, 0, 0, 0)\" class=\"has-inline-color has-neve-link-color-color\"><strong>photoshop, illustrator et indesign<\/strong><\/mark>), informatique (<strong><mark style=\"background-color:rgba(0, 0, 0, 0)\" class=\"has-inline-color has-neve-link-color-color\">informations et donn\u00e9es, communication et collaboration, cr\u00e9ation de contenu digital, s\u00e9curit\u00e9 num\u00e9rique, r\u00e9solutions des probl\u00e8mes, CSS et HTML5, PHP, WordPress<\/mark><\/strong>), vous pouvez mobiliser vos heures de formation de votre compte personnel de formation (<strong><mark style=\"background-color:rgba(0, 0, 0, 0)\" class=\"has-inline-color has-neve-link-color-color\">CPF<\/mark><\/strong>).<\/p>\n\n\n\n<blockquote class=\"wp-block-quote is-layout-flow wp-block-quote-is-layout-flow\">\n<p>La condition de son financement d\u00e9pend du nombre d\u2019heure dont vous disposez et de la&nbsp;validation de cette formation par une certification.<\/p>\n<cite>Pour plus d\u2019information sur le sujet :&nbsp;<a rel=\"noreferrer noopener\" href=\"https:\/\/www.tosa.org\/FR\/index\" target=\"_blank\">https:\/\/www.tosa.org<\/a><br><\/cite><\/blockquote>\n\n\n\n<h3 class=\"wp-block-heading ticss-2b8a6700\">Qu&rsquo;est-ce que la certification TOSA ?<\/h3>\n\n\n\n<p>Le TOSA est un standard d\u2019\u00e9valuation et de certification des comp\u00e9tences informatiques en bureautique utilis\u00e9e par plus de 500 \u00e9coles et entreprises.\u200b<\/p>\n\n\n\n<p>Il existe une certification TOSA pour chacun des logiciels suivant :&nbsp;Excel, Word, Powerpoint, Outlook, VBA excel, Access, Calc, Writer et Impress pour la bureautique. Pour la partie digitale et num\u00e9rique : Photoshop, Illustrator, Indesign et la certification&nbsp;<em><strong><mark style=\"background-color:rgba(0, 0, 0, 0)\" class=\"has-inline-color has-nv-c-2-color\">digcomp<\/mark><\/strong><\/em><strong>.<\/strong><\/p>\n\n\n\n<h3 class=\"wp-block-heading ticss-864484d5\">Pourquoi certifier sa formation avec TOSA ?<\/h3>\n\n\n\n<p>Les certifications <strong><em><mark style=\"background-color:rgba(0, 0, 0, 0)\" class=\"has-inline-color has-neve-link-color-color\">TOSA <\/mark><\/em><\/strong>s\u2019adressent aux salari\u00e9s, \u00e9tudiants, et demandeurs d\u2019emploi. Elles leur permettent de&nbsp;valoriser leurs comp\u00e9tences&nbsp;en affichant&nbsp;un score sur 1000 sur leur CV ou dans leurs profils sur les r\u00e9seaux sociaux professionnels. Elles sont adapt\u00e9es \u00e0 tous les niveaux, utilisateurs occasionnels ou experts.<br><br>Les certifications <strong><em><mark style=\"background-color:rgba(0, 0, 0, 0)\" class=\"has-inline-color has-neve-link-color-color\">TOSA <\/mark><\/em><\/strong>se passent en conditions d\u2019examen dans l\u2019un de nos 1100 centres habilit\u00e9s r\u00e9partis dans 12 pays. Nous faisons parti des centres habilit\u00e9s au passage de cette certification. Inscrit au R\u00e9pertoire Sp\u00e9cifique de France Comp\u00e9tences le TOSA est&nbsp;<strong><mark style=\"background-color:rgba(0, 0, 0, 0)\" class=\"has-inline-color has-nv-c-2-color\">la certification informatique la plus demand\u00e9e en France dans le cadre du CPF.<\/mark><\/strong><\/p>\n\n\n\n<h3 class=\"wp-block-heading ticss-24dc8184\">Comment passer le TOSA ?<\/h3>\n\n\n\n<p>Vous pouvez passer votre certification avec un accompagnement personnalis\u00e9&nbsp;<strong><mark style=\"background-color:rgba(0, 0, 0, 0)\" class=\"has-inline-color has-neve-link-color-color\">dans un centre agr\u00e9\u00e9.\u200b<\/mark><\/strong><\/p>\n\n\n\n<p>Pour le passer o\u00f9 vous voulez, quand vous voulez, choisissez le passage en ligne&nbsp;en&nbsp;<strong><mark style=\"background-color:rgba(0, 0, 0, 0)\" class=\"has-inline-color has-nv-c-2-color\">e-surveillance<\/mark> :&nbsp;<\/strong><\/p>\n\n\n\n<ul class=\"wp-block-list\">\n<li>Le test est pass\u00e9 dans un navigateur s\u00e9curis\u00e9 qui interdit l\u2019acc\u00e8s \u00e0 toute autre application ou page web que celle du test.<\/li>\n\n\n\n<li>Le syst\u00e8me enregistre les faits et gestes du candidat via la webcam, le micro, et l\u2019\u00e9cran de son ordinateur.<\/li>\n\n\n\n<li>L\u2019enregistrement est visionn\u00e9 en diff\u00e9r\u00e9 par un expert de Software Secure qui s\u2019assure du respect des conditions d\u2019examen.<\/li>\n<\/ul>\n\n\n\n<h3 class=\"wp-block-heading ticss-a4bdffe6\">Comment se pr\u00e9sente l&rsquo;\u00e9valuation ?<\/h3>\n\n\n\n<ul class=\"wp-block-list\">\n<li><strong><mark style=\"background-color:rgba(0, 0, 0, 0)\" class=\"has-inline-color has-nv-c-2-color\">35 questions<\/mark><\/strong><\/li>\n\n\n\n<li>Dur\u00e9e limit\u00e9e \u00e0<strong>&nbsp;<mark style=\"background-color:rgba(0, 0, 0, 0)\" class=\"has-inline-color has-neve-link-color-color\">60 minutes<\/mark><\/strong>&nbsp;mais la dur\u00e9e moyenne est de 43 minutes<\/li>\n\n\n\n<li>Les questions peuvent prendre la forme&nbsp;<strong><mark style=\"background-color:rgba(0, 0, 0, 0)\" class=\"has-inline-color has-neve-link-color-color\">d\u2019une&nbsp;vid\u00e9o, d\u2019une capture d\u2019\u00e9cran ou bien d\u2019un texte.<\/mark><\/strong><\/li>\n\n\n\n<li>Les&nbsp;<strong><mark style=\"background-color:rgba(0, 0, 0, 0)\" class=\"has-inline-color has-neve-link-color-color\">r\u00e9ponses peuvent prendre de tr\u00e8s nombreuses formes<\/mark>&nbsp;:<\/strong>&nbsp;ouvertes, QCM, relier ou classer des \u00e9l\u00e9ments, glisser\/d\u00e9poser, choisir des r\u00e9ponses dans une ou plusieurs listes, voire utiliser un logiciel (question de manipulation).<\/li>\n\n\n\n<li><strong><mark style=\"background-color:rgba(0, 0, 0, 0)\" class=\"has-inline-color has-neve-link-color-color\">Le r\u00e9sultat est d\u00e9livr\u00e9 imm\u00e9diatement<\/mark><\/strong>&nbsp;apr\u00e8s le passage de la certification. Le certificat est quant \u00e0 lui d\u00e9livr\u00e9 apr\u00e8s contr\u00f4le des \u00e9quipes du d\u00e9roulement de l\u2019\u00e9preuve par e-mail dans les 5 jours ouvr\u00e9s suivants<\/li>\n\n\n\n<li><strong><mark style=\"background-color:rgba(0, 0, 0, 0)\" class=\"has-inline-color has-neve-link-color-color\">Les&nbsp;scores sont compris entre 1 et 1000 et positionne le candidat de d\u00e9butant \u00e0 expert<\/mark><\/strong><\/li>\n\n\n\n<li>La validit\u00e9 du test est de&nbsp;<strong><mark style=\"background-color:rgba(0, 0, 0, 0)\" class=\"has-inline-color has-neve-link-color-color\">2 ans<\/mark><\/strong><\/li>\n<\/ul>\n\n\n\n<h3 class=\"wp-block-heading ticss-72621ddb\">Quels sont les avantages de la certification ?<\/h3>\n\n\n\n<ul class=\"wp-block-list\">\n<li>C&rsquo;est un&nbsp;test adaptatif<strong> :<\/strong>&nbsp;un algorithme \u00ab intelligent \u00bb fait \u00e9voluer la difficult\u00e9 des questions en fonction du niveau du candidat<\/li>\n<\/ul>\n\n\n\n<p>\u00ab&nbsp;Le programme pioche des questions parmi les 200 r\u00e9pertori\u00e9es dans la base, dont la difficult\u00e9 a \u00e9t\u00e9 \u00e9tablie \u00e0 partir des milliers d\u2019utilisateurs qui ont effectu\u00e9 le test auparavant.&nbsp;Le niveau des questions pos\u00e9es \u00e9volue en fonction des r\u00e9ponses donn\u00e9es par le participant, ce qui permet d\u2019\u00e9tablir une cartographie tr\u00e8s d\u00e9taill\u00e9e de ses comp\u00e9tences, m\u00eame s\u2019il n\u2019est pas interrog\u00e9 sur tous les aspects du logiciel. En clair, tout au long du test, le niveau des questions s\u2019adapte au candidat au regard de ses pr\u00e9c\u00e9dentes r\u00e9ponses. Ainsi, on \u00e9vite de poser des questions trop difficiles \u00e0 une personne dont le niveau est faible et inversement&nbsp;\u00bb&nbsp; <\/p>\n\n\n\n<ul class=\"wp-block-list\">\n<li>Des QCM ergonomiques&nbsp;<strong><mark style=\"background-color:rgba(0, 0, 0, 0)\" class=\"has-inline-color has-nv-c-2-color\">centr\u00e9s sur la ma\u00eetrise des fonctionnalit\u00e9s<\/mark><\/strong><\/li>\n\n\n\n<li>Des questions de&nbsp;<strong><mark style=\"background-color:rgba(0, 0, 0, 0)\" class=\"has-inline-color has-nv-c-2-color\">manipulation r\u00e9elle<\/mark><\/strong>&nbsp;du logiciel<\/li>\n<\/ul>\n\n\n\n<h3 class=\"wp-block-heading ticss-b2afabfc\">A&nbsp;quoi correspond le score obtenu ?<\/h3>\n\n\n\n<ul class=\"wp-block-list\">\n<li><strong><mark style=\"background-color:rgba(0, 0, 0, 0)\" class=\"has-inline-color has-neve-link-color-color\">Expert 875 \u00e0 1000<\/mark>&nbsp;<\/strong>:&nbsp;Le candidat dispose d\u2019une connaissance compl\u00e8te de l\u2019ensemble des fonctionnalit\u00e9s du logiciel. Il conna\u00eet les diff\u00e9rentes m\u00e9thodes pour r\u00e9aliser une t\u00e2che. Sa productivit\u00e9 est optimale<\/li>\n\n\n\n<li><strong><mark style=\"background-color:rgba(0, 0, 0, 0)\" class=\"has-inline-color has-neve-link-color-color\">Avanc\u00e9 725 \u00e0 875<\/mark>&nbsp;:<\/strong>&nbsp;Le candidat dispose d\u2019une tr\u00e8s bonne ma\u00eetrise du logiciel, y compris dans ses fonctionnalit\u00e9s avanc\u00e9es. Sa productivit\u00e9 est excellente<\/li>\n\n\n\n<li><strong><mark style=\"background-color:rgba(0, 0, 0, 0)\" class=\"has-inline-color has-neve-link-color-color\">Op\u00e9rationnel 550 \u00e0 725<\/mark>&nbsp;:<\/strong>&nbsp;Le candidat conna\u00eet les principales fonctionnalit\u00e9s du logiciel et parvient \u00e0 ses fins<\/li>\n\n\n\n<li><strong><mark style=\"background-color:rgba(0, 0, 0, 0)\" class=\"has-inline-color has-neve-link-color-color\">Basique 350 \u00e0 550<\/mark>&nbsp;:<\/strong>&nbsp;Le candidat sait utiliser les fonctionnalit\u00e9s de base du logiciel et peut r\u00e9aliser des t\u00e2ches simples<\/li>\n\n\n\n<li><strong><mark style=\"background-color:rgba(0, 0, 0, 0)\" class=\"has-inline-color has-neve-link-color-color\">Initial 1 \u00e0 350<\/mark>&nbsp;<\/strong>:&nbsp;Le candidat a une connaissance limit\u00e9e des fonctionnalit\u00e9s de base du logiciel et ne peut pas correctement l\u2019utiliser<\/li>\n<\/ul>\n\n\n\n<h3 class=\"wp-block-heading has-text-align-center\">Plus d&rsquo;informations sur les certifications : <a rel=\"noreferrer noopener\" href=\"https:\/\/www.tosa.org\/FR\/Index\" target=\"_blank\">https:\/\/www.tosa.org\/FR\/Index<\/a><\/h3>\n\n\n\n<h6 class=\"wp-block-heading has-text-align-center\"><em>Source : isograd<\/em><\/h6>\n<\/div>\n<\/div><\/div>\n\n\n\n<div style=\"height:50px\" aria-hidden=\"true\" class=\"wp-block-spacer\"><\/div>\n\n\n\n<div class=\"wp-block-group alignfull has-background-color ticss-b6d689f7 has-neve-link-color-background-color has-background has-link-color has-medium-font-size wp-elements-144723183ce5420a6c5303a66ea4297c\" style=\"min-height:40vh;margin-top:0;margin-bottom:0;padding-top:var(--wp--preset--spacing--60);padding-right:var(--wp--preset--spacing--40);padding-bottom:var(--wp--preset--spacing--60);padding-left:var(--wp--preset--spacing--40)\"><div class=\"wp-block-group__inner-container is-layout-constrained wp-container-core-group-is-layout-27c39f3e wp-block-group-is-layout-constrained\">\n<div class=\"wp-block-columns alignwide has-small-font-size is-layout-flex wp-container-core-columns-is-layout-9d6595d7 wp-block-columns-is-layout-flex\">\n<div class=\"wp-block-column ticss-37c2d156 is-layout-flow wp-block-column-is-layout-flow\">\n<p class=\"has-text-align-center has-medium-font-size\">1969 route royale<\/p>\n\n\n\n<p class=\"has-text-align-center has-nv-site-bg-color has-text-color has-large-font-size\">FACPLUS<\/p>\n\n\n\n<p class=\"has-text-align-center has-medium-font-size\">73190 Challes les eaux<\/p>\n\n\n\n<p class=\"has-text-align-center has-nv-site-bg-color has-text-color has-medium-font-size\">Ouverture au public<\/p>\n\n\n\n<p class=\"has-text-align-center has-medium-font-size\">Lundi au vendredi : 9:00 &#8211; 12:00 et 14:00 &#8211; 18:00<\/p>\n\n\n\n<p class=\"has-text-align-center has-medium-font-size\">Lundi matin, vendredi am, samedi matin sur RDV<\/p>\n<\/div>\n\n\n\n<div class=\"wp-block-column ticss-ef63ceff is-layout-flow wp-block-column-is-layout-flow\"><nav class=\"has-text-color has-nv-site-bg-color has-medium-font-size items-justified-center is-vertical wp-block-navigation is-content-justification-center is-layout-flex wp-container-core-navigation-is-layout-9a7cdcfd wp-block-navigation-is-layout-flex\" aria-label=\"web-agency-gb-main-menu\"><ul class=\"wp-block-navigation__container has-text-color has-nv-site-bg-color has-medium-font-size items-justified-center is-vertical wp-block-navigation has-medium-font-size\"><li class=\"has-medium-font-size wp-block-navigation-item menu-item menu-item-type-post_type menu-item-object-page menu-item-home ticss-a9e52769 wp-block-navigation-link\"><a class=\"wp-block-navigation-item__content\"  href=\"http:\/\/www.pc73.net\/wpfacplus\/\" title=\"\"><span class=\"wp-block-navigation-item__label\">Accueil<\/span><\/a><\/li><li class=\"has-medium-font-size wp-block-navigation-item menu-item menu-item-type-post_type wp-block-navigation-link\"><a class=\"wp-block-navigation-item__content\"  href=\"http:\/\/www.pc73.net\/wpfacplus\/historique\/\" title=\"\"><span class=\"wp-block-navigation-item__label\">A propos de nous<\/span><\/a><\/li><li class=\"has-medium-font-size wp-block-navigation-item wp-block-navigation-link\"><a class=\"wp-block-navigation-item__content\"  href=\"https:\/\/goo.gl\/maps\/g7nTJkBkCCo\" target=\"_blank\"   title=\"\"><span class=\"wp-block-navigation-item__label\">Nous situer<\/span><span class=\"wp-block-navigation-item__description\">Situation g\u00e9ographique FACPLUS<\/span><\/a><\/li><li class=\"has-medium-font-size wp-block-navigation-item  menu-item menu-item-type-post_type menu-item-object-page wp-block-navigation-link\"><a class=\"wp-block-navigation-item__content\"  href=\"http:\/\/www.pc73.net\/wpfacplus\/contact\/\" title=\"\"><span class=\"wp-block-navigation-item__label\">Contactez nous<\/span><\/a><\/li><li class=\"wp-block-navigation-item\"><div class=\"is-default-size is-style-default wp-block-site-logo\"><a href=\"http:\/\/www.pc73.net\/wpfacplus\/\" class=\"custom-logo-link\" rel=\"home\"><img loading=\"lazy\" decoding=\"async\" width=\"367\" height=\"376\" src=\"http:\/\/www.pc73.net\/wpfacplus\/wp-content\/uploads\/2023\/09\/logo-fac1-min.png\" class=\"custom-logo\" alt=\"FacPlus\" srcset=\"http:\/\/www.pc73.net\/wpfacplus\/wp-content\/uploads\/2023\/09\/logo-fac1-min.png 367w, http:\/\/www.pc73.net\/wpfacplus\/wp-content\/uploads\/2023\/09\/logo-fac1-min-293x300.png 293w\" sizes=\"auto, (max-width: 367px) 100vw, 367px\" \/><\/a><\/div><\/li><\/ul><\/nav><\/div>\n\n\n\n<div class=\"wp-block-column is-layout-flow wp-block-column-is-layout-flow\">\n<p class=\"has-text-align-center has-medium-font-size\">Suivez-nous<\/p>\n\n\n\n<div class=\"wp-block-group is-vertical is-content-justification-center is-layout-flex wp-container-core-group-is-layout-bdd043ae wp-block-group-is-layout-flex\">\n<p class=\"has-medium-font-size\"><a href=\"https:\/\/www.facebook.com\/FACPLUS.FR\/\" target=\"_blank\" rel=\"noreferrer noopener\">Facebook<\/a><\/p>\n\n\n\n<p class=\"has-medium-font-size\"><a href=\"https:\/\/www.linkedin.com\/in\/fac-plus\/\" target=\"_blank\" rel=\"noreferrer noopener\">Linkedin<\/a><\/p>\n\n\n\n<p><\/p>\n<\/div>\n\n\n\n<div style=\"height:24px\" aria-hidden=\"true\" class=\"wp-block-spacer\"><\/div>\n<\/div>\n<\/div>\n\n\n\n<div class=\"wp-block-group alignwide is-content-justification-center is-layout-flex wp-container-core-group-is-layout-5590e8cb wp-block-group-is-layout-flex\">\n<p class=\"has-text-align-center has-small-font-size\"> D\u00e9velopp\u00e9 par <mark style=\"background-color:rgba(0, 0, 0, 0)\" class=\"has-inline-color has-nv-site-bg-color\">FACPLUS<\/mark><\/p>\n<\/div>\n<\/div><\/div>\n","protected":false},"excerpt":{"rendered":"<p>La certification ISOGRAD &#8211; le TOSA c&rsquo;est quoi ? 1969 route royale FACPLUS 73190 Challes les eaux Ouverture au public Lundi au vendredi : 9:00 &#8211; 12:00 et 14:00 &#8211; 18:00 Lundi matin, vendredi am, samedi matin sur RDV Suivez-nous Facebook Linkedin D\u00e9velopp\u00e9 par FACPLUS<\/p>\n","protected":false},"author":2,"featured_media":0,"parent":0,"menu_order":0,"comment_status":"closed","ping_status":"closed","template":"","meta":{"neve_meta_sidebar":"","neve_meta_container":"full-width","neve_meta_enable_content_width":"","neve_meta_content_width":0,"neve_meta_title_alignment":"","neve_meta_author_avatar":"","neve_post_elements_order":"","neve_meta_disable_header":"","neve_meta_disable_footer":"on","neve_meta_disable_title":"on","neve_meta_reading_time":"","_themeisle_gutenberg_block_has_review":false,"_ti_tpc_template_sync":false,"_ti_tpc_template_id":"","footnotes":""},"class_list":["post-1041","page","type-page","status-publish","hentry"],"_links":{"self":[{"href":"http:\/\/www.pc73.net\/wpfacplus\/wp-json\/wp\/v2\/pages\/1041","targetHints":{"allow":["GET"]}}],"collection":[{"href":"http:\/\/www.pc73.net\/wpfacplus\/wp-json\/wp\/v2\/pages"}],"about":[{"href":"http:\/\/www.pc73.net\/wpfacplus\/wp-json\/wp\/v2\/types\/page"}],"author":[{"embeddable":true,"href":"http:\/\/www.pc73.net\/wpfacplus\/wp-json\/wp\/v2\/users\/2"}],"replies":[{"embeddable":true,"href":"http:\/\/www.pc73.net\/wpfacplus\/wp-json\/wp\/v2\/comments?post=1041"}],"version-history":[{"count":23,"href":"http:\/\/www.pc73.net\/wpfacplus\/wp-json\/wp\/v2\/pages\/1041\/revisions"}],"predecessor-version":[{"id":1965,"href":"http:\/\/www.pc73.net\/wpfacplus\/wp-json\/wp\/v2\/pages\/1041\/revisions\/1965"}],"wp:attachment":[{"href":"http:\/\/www.pc73.net\/wpfacplus\/wp-json\/wp\/v2\/media?parent=1041"}],"curies":[{"name":"wp","href":"https:\/\/api.w.org\/{rel}","templated":true}]}}