{"id":1068,"date":"2023-08-29T18:09:19","date_gmt":"2023-08-29T16:09:19","guid":{"rendered":"http:\/\/www.pc73.net\/wpfacplus\/?page_id=1068"},"modified":"2023-09-25T12:12:21","modified_gmt":"2023-09-25T10:12:21","slug":"sinscrire","status":"publish","type":"page","link":"http:\/\/www.pc73.net\/wpfacplus\/sinscrire\/","title":{"rendered":"S&rsquo;inscrire"},"content":{"rendered":"\n<div class=\"wp-block-cover is-light ticss-ef3ba0f7\"><span aria-hidden=\"true\" class=\"wp-block-cover__background has-background-dim\"><\/span><img loading=\"lazy\" decoding=\"async\" width=\"1939\" height=\"1247\" class=\"wp-block-cover__image-background wp-image-1083\" alt=\"\" src=\"http:\/\/www.pc73.net\/wpfacplus\/wp-content\/uploads\/2023\/08\/sincrire-min.jpg\" data-object-fit=\"cover\" srcset=\"http:\/\/www.pc73.net\/wpfacplus\/wp-content\/uploads\/2023\/08\/sincrire-min.jpg 1939w, http:\/\/www.pc73.net\/wpfacplus\/wp-content\/uploads\/2023\/08\/sincrire-min-300x193.jpg 300w, http:\/\/www.pc73.net\/wpfacplus\/wp-content\/uploads\/2023\/08\/sincrire-min-1024x659.jpg 1024w, http:\/\/www.pc73.net\/wpfacplus\/wp-content\/uploads\/2023\/08\/sincrire-min-768x494.jpg 768w, http:\/\/www.pc73.net\/wpfacplus\/wp-content\/uploads\/2023\/08\/sincrire-min-1536x988.jpg 1536w\" sizes=\"auto, (max-width: 1939px) 100vw, 1939px\" \/><div class=\"wp-block-cover__inner-container is-layout-constrained wp-block-cover-is-layout-constrained\">\n<p class=\"has-text-align-center has-large-font-size\"><\/p>\n<\/div><\/div>\n\n\n\n<div style=\"height:50px\" aria-hidden=\"true\" class=\"wp-block-spacer\"><\/div>\n\n\n\n<h2 class=\"wp-block-heading has-text-align-center has-neve-link-color-color has-text-color\">S&rsquo; inscrire \u00e0 une formation chez&nbsp;Fac+<\/h2>\n\n\n\n<p><em>\u200b<\/em><\/p>\n\n\n\n<div id=\"wp-block-themeisle-blocks-advanced-columns-5ed774d2\" class=\"wp-block-themeisle-blocks-advanced-columns has-1-columns has-desktop-equal-layout has-tablet-equal-layout has-mobile-equal-layout has-vertical-unset ticss-7a83a74c\"><div class=\"wp-block-themeisle-blocks-advanced-columns-overlay\"><\/div><div class=\"innerblocks-wrap\">\n<div id=\"wp-block-themeisle-blocks-advanced-column-1eea6138\" class=\"wp-block-themeisle-blocks-advanced-column ticss-88559839\">\n<h2 class=\"wp-block-heading\">Vous utilisez votre <strong><mark style=\"background-color:rgba(0, 0, 0, 0)\" class=\"has-inline-color has-neve-link-color-color\">CPF<\/mark><\/strong><\/h2>\n\n\n\n<p><em>Vous pouvez nous contacter au 06 70 75 03 89<\/em><\/p>\n\n\n\n<p>ou par contact (r\u00e9ponse dans les 48 heures)<em>\u200b<\/em><\/p>\n\n\n\n<p><em>Ou encore vous inscrire directement \u00e0 partir du <mark style=\"background-color:rgba(0, 0, 0, 0)\" class=\"has-inline-color has-neve-link-color-color\"><strong>menu formations<\/strong><\/mark><\/em>.<\/p>\n\n\n\n<p><em>(A savoir&nbsp; : tous les programmes sont personnalisables et nous pouvons nous adapter \u00e0 votre budget)\u200b<\/em><\/p>\n\n\n\n<p>D\u00e9lai d&rsquo;acc\u00e8s \u00e0 la formation : d\u00e9lai de droit de r\u00e9tractation MCF 14 jours &#8211;&nbsp; Les inscriptions s&rsquo;effectuent ensuite chaque semaine. <\/p>\n\n\n\n<p>Concernant les formation en ANGLAIS, inscription pour la saison jusqu\u2019\u00e0 fin octobre.<\/p>\n\n\n\n<h3 class=\"wp-block-heading\">Quel niveau choisir ?&nbsp;<\/h3>\n\n\n\n<p><em>Nous vous recommandons d&rsquo;effectuer une \u00e9valuation de votre niveau afin que nous puissions vous orienter vers le programme le plus adapt\u00e9 \u00e0 votre niveau et votre objectif.&nbsp;<\/em> <mark style=\"background-color:rgba(0, 0, 0, 0)\" class=\"has-inline-color has-neve-link-color-color\">Les liens se situent dans le menu formation dans chacune des th\u00e9matiques.<\/mark><\/p>\n\n\n\n<p><em>Nous vous contacterons dans les 48 heures \u00e0 r\u00e9ception du r\u00e9sultat afin de vous faire un retour sur le niveau \u00e0 choisir.<\/em><\/p>\n\n\n\n<h2 class=\"wp-block-heading\">Hors <mark style=\"background-color:rgba(0, 0, 0, 0)\" class=\"has-inline-color has-neve-link-color-color\">CPF<\/mark><\/h2>\n\n\n\n<p>Nous contacter afin de d\u00e9finir les modalit\u00e9s d&rsquo;inscription et de formation, inscriptions tout au long de l&rsquo;ann\u00e9e. Nous pouvons r\u00e9aliser des parcours de formation et support vid\u00e9os adapt\u00e9 aux besoins du client particulier ou entreprise.<\/p>\n\n\n\n<h3 class=\"wp-block-heading\">Vous \u00eates une entreprise<\/h3>\n\n\n\n<p>Contactez- nous au&nbsp;<em>06 70 75 03 89.<\/em><\/p>\n\n\n\n<p><em>ou par le <a href=\"http:\/\/www.pc73.net\/wpfacplus\/contact\/\" data-type=\"link\" data-id=\"http:\/\/www.pc73.net\/wpfacplus\/contact\/\">formulaire de contact<\/a><\/em><\/p>\n\n\n\n<p><em>Nous vous contacterons dans les 48 heures afin de faire un point sur&nbsp; votre projet.<\/em><\/p>\n\n\n\n<h3 class=\"wp-block-heading\">Vous \u00eates un particulier sans financement<\/h3>\n\n\n\n<p>Contactez- nous au&nbsp;<em>06 70 75 03 89.<\/em><\/p>\n\n\n\n<p><em>ou par le <a href=\"http:\/\/www.pc73.net\/wpfacplus\/contact\/\" data-type=\"link\" data-id=\"http:\/\/www.pc73.net\/wpfacplus\/contact\/\">formulaire de contact<\/a><\/em><\/p>\n\n\n\n<p><em>Nous vous contacterons dans les 48 heures afin de faire un point sur&nbsp; votre projet.<\/em><\/p>\n\n\n\n<h3 class=\"wp-block-heading\">Dans tous les cas, <\/h3>\n\n\n\n<p>si vous n\u00e9cessitez d&rsquo;une adaptation en raison d&rsquo;un handicap, <a href=\"https:\/\/www.pc73.net\/wpfacplus\/handicap\/\" data-type=\"link\" data-id=\"https:\/\/www.pc73.net\/wpfacplus\/handicap\/\">contactez notre r\u00e9f\u00e9rent<\/a> afin d&rsquo;organiser sa mise en place.<\/p>\n\n\n\n<h3 class=\"wp-block-heading has-text-align-center has-neve-link-color-color has-text-color\">Pour savoir comment se passe une formation chez&nbsp;Facplus<\/h3>\n\n\n\n<h3 class=\"wp-block-heading has-text-align-center\"> <a href=\"http:\/\/www.pc73.net\/wpfacplus\/ma-formation-en-5-etapes\/\" data-type=\"page\" data-id=\"1196\">D\u00e9couvrez les 5 \u00e9tapes<\/a> <\/h3>\n<\/div>\n<\/div><\/div>\n\n\n\n<div class=\"wp-block-group alignfull has-background-color ticss-b6d689f7 has-neve-link-color-background-color has-background has-link-color has-medium-font-size wp-elements-144723183ce5420a6c5303a66ea4297c\" style=\"min-height:40vh;margin-top:0;margin-bottom:0;padding-top:var(--wp--preset--spacing--60);padding-right:var(--wp--preset--spacing--40);padding-bottom:var(--wp--preset--spacing--60);padding-left:var(--wp--preset--spacing--40)\"><div class=\"wp-block-group__inner-container is-layout-constrained wp-container-core-group-is-layout-27c39f3e wp-block-group-is-layout-constrained\">\n<div class=\"wp-block-columns alignwide has-small-font-size is-layout-flex wp-container-core-columns-is-layout-9d6595d7 wp-block-columns-is-layout-flex\">\n<div class=\"wp-block-column ticss-37c2d156 is-layout-flow wp-block-column-is-layout-flow\">\n<p class=\"has-text-align-center has-medium-font-size\">1969 route royale<\/p>\n\n\n\n<p class=\"has-text-align-center has-nv-site-bg-color has-text-color has-large-font-size\">FACPLUS<\/p>\n\n\n\n<p class=\"has-text-align-center has-medium-font-size\">73190 Challes les eaux<\/p>\n\n\n\n<p class=\"has-text-align-center has-nv-site-bg-color has-text-color has-medium-font-size\">Ouverture au public<\/p>\n\n\n\n<p class=\"has-text-align-center has-medium-font-size\">Lundi au vendredi : 9:00 &#8211; 12:00 et 14:00 &#8211; 18:00<\/p>\n\n\n\n<p class=\"has-text-align-center has-medium-font-size\">Lundi matin, vendredi am, samedi matin sur RDV<\/p>\n<\/div>\n\n\n\n<div class=\"wp-block-column ticss-ef63ceff is-layout-flow wp-block-column-is-layout-flow\"><nav class=\"has-text-color has-nv-site-bg-color has-medium-font-size items-justified-center is-vertical wp-block-navigation is-content-justification-center is-layout-flex wp-container-core-navigation-is-layout-9a7cdcfd wp-block-navigation-is-layout-flex\" aria-label=\"web-agency-gb-main-menu\"><ul class=\"wp-block-navigation__container has-text-color has-nv-site-bg-color has-medium-font-size items-justified-center is-vertical wp-block-navigation has-medium-font-size\"><li class=\"has-medium-font-size wp-block-navigation-item menu-item menu-item-type-post_type menu-item-object-page menu-item-home ticss-a9e52769 wp-block-navigation-link\"><a class=\"wp-block-navigation-item__content\"  href=\"http:\/\/www.pc73.net\/wpfacplus\/\" title=\"\"><span class=\"wp-block-navigation-item__label\">Accueil<\/span><\/a><\/li><li class=\"has-medium-font-size wp-block-navigation-item menu-item menu-item-type-post_type wp-block-navigation-link\"><a class=\"wp-block-navigation-item__content\"  href=\"http:\/\/www.pc73.net\/wpfacplus\/historique\/\" title=\"\"><span class=\"wp-block-navigation-item__label\">A propos de nous<\/span><\/a><\/li><li class=\"has-medium-font-size wp-block-navigation-item wp-block-navigation-link\"><a class=\"wp-block-navigation-item__content\"  href=\"https:\/\/goo.gl\/maps\/g7nTJkBkCCo\" target=\"_blank\"   title=\"\"><span class=\"wp-block-navigation-item__label\">Nous situer<\/span><span class=\"wp-block-navigation-item__description\">Situation g\u00e9ographique FACPLUS<\/span><\/a><\/li><li class=\"has-medium-font-size wp-block-navigation-item  menu-item menu-item-type-post_type menu-item-object-page wp-block-navigation-link\"><a class=\"wp-block-navigation-item__content\"  href=\"http:\/\/www.pc73.net\/wpfacplus\/contact\/\" title=\"\"><span class=\"wp-block-navigation-item__label\">Contactez nous<\/span><\/a><\/li><li class=\"wp-block-navigation-item\"><div class=\"is-default-size is-style-default wp-block-site-logo\"><a href=\"http:\/\/www.pc73.net\/wpfacplus\/\" class=\"custom-logo-link\" rel=\"home\"><img loading=\"lazy\" decoding=\"async\" width=\"367\" height=\"376\" src=\"http:\/\/www.pc73.net\/wpfacplus\/wp-content\/uploads\/2023\/09\/logo-fac1-min.png\" class=\"custom-logo\" alt=\"FacPlus\" srcset=\"http:\/\/www.pc73.net\/wpfacplus\/wp-content\/uploads\/2023\/09\/logo-fac1-min.png 367w, http:\/\/www.pc73.net\/wpfacplus\/wp-content\/uploads\/2023\/09\/logo-fac1-min-293x300.png 293w\" sizes=\"auto, (max-width: 367px) 100vw, 367px\" \/><\/a><\/div><\/li><\/ul><\/nav><\/div>\n\n\n\n<div class=\"wp-block-column is-layout-flow wp-block-column-is-layout-flow\">\n<p class=\"has-text-align-center has-medium-font-size\">Suivez-nous<\/p>\n\n\n\n<div class=\"wp-block-group is-vertical is-content-justification-center is-layout-flex wp-container-core-group-is-layout-bdd043ae wp-block-group-is-layout-flex\">\n<p class=\"has-medium-font-size\"><a href=\"https:\/\/www.facebook.com\/FACPLUS.FR\/\" target=\"_blank\" rel=\"noreferrer noopener\">Facebook<\/a><\/p>\n\n\n\n<p class=\"has-medium-font-size\"><a href=\"https:\/\/www.linkedin.com\/in\/fac-plus\/\" target=\"_blank\" rel=\"noreferrer noopener\">Linkedin<\/a><\/p>\n\n\n\n<p><\/p>\n<\/div>\n\n\n\n<div style=\"height:24px\" aria-hidden=\"true\" class=\"wp-block-spacer\"><\/div>\n<\/div>\n<\/div>\n\n\n\n<div class=\"wp-block-group alignwide is-content-justification-center is-layout-flex wp-container-core-group-is-layout-5590e8cb wp-block-group-is-layout-flex\">\n<p class=\"has-text-align-center has-small-font-size\"> D\u00e9velopp\u00e9 par <mark style=\"background-color:rgba(0, 0, 0, 0)\" class=\"has-inline-color has-nv-site-bg-color\">FACPLUS<\/mark><\/p>\n<\/div>\n<\/div><\/div>\n","protected":false},"excerpt":{"rendered":"<p>S&rsquo; inscrire \u00e0 une formation chez&nbsp;Fac+ \u200b 1969 route royale FACPLUS 73190 Challes les eaux Ouverture au public Lundi au vendredi : 9:00 &#8211; 12:00 et 14:00 &#8211; 18:00 Lundi matin, vendredi am, samedi matin sur RDV Suivez-nous Facebook Linkedin D\u00e9velopp\u00e9 par FACPLUS<\/p>\n","protected":false},"author":2,"featured_media":0,"parent":0,"menu_order":0,"comment_status":"closed","ping_status":"closed","template":"","meta":{"neve_meta_sidebar":"","neve_meta_container":"full-width","neve_meta_enable_content_width":"","neve_meta_content_width":0,"neve_meta_title_alignment":"","neve_meta_author_avatar":"","neve_post_elements_order":"","neve_meta_disable_header":"","neve_meta_disable_footer":"on","neve_meta_disable_title":"on","neve_meta_reading_time":"","_themeisle_gutenberg_block_has_review":false,"_ti_tpc_template_sync":false,"_ti_tpc_template_id":"","footnotes":""},"class_list":["post-1068","page","type-page","status-publish","hentry"],"_links":{"self":[{"href":"http:\/\/www.pc73.net\/wpfacplus\/wp-json\/wp\/v2\/pages\/1068","targetHints":{"allow":["GET"]}}],"collection":[{"href":"http:\/\/www.pc73.net\/wpfacplus\/wp-json\/wp\/v2\/pages"}],"about":[{"href":"http:\/\/www.pc73.net\/wpfacplus\/wp-json\/wp\/v2\/types\/page"}],"author":[{"embeddable":true,"href":"http:\/\/www.pc73.net\/wpfacplus\/wp-json\/wp\/v2\/users\/2"}],"replies":[{"embeddable":true,"href":"http:\/\/www.pc73.net\/wpfacplus\/wp-json\/wp\/v2\/comments?post=1068"}],"version-history":[{"count":29,"href":"http:\/\/www.pc73.net\/wpfacplus\/wp-json\/wp\/v2\/pages\/1068\/revisions"}],"predecessor-version":[{"id":1969,"href":"http:\/\/www.pc73.net\/wpfacplus\/wp-json\/wp\/v2\/pages\/1068\/revisions\/1969"}],"wp:attachment":[{"href":"http:\/\/www.pc73.net\/wpfacplus\/wp-json\/wp\/v2\/media?parent=1068"}],"curies":[{"name":"wp","href":"https:\/\/api.w.org\/{rel}","templated":true}]}}