{"id":1100,"date":"2023-08-30T15:35:50","date_gmt":"2023-08-30T13:35:50","guid":{"rendered":"http:\/\/www.pc73.net\/wpfacplus\/?page_id=1100"},"modified":"2023-10-16T15:40:05","modified_gmt":"2023-10-16T13:40:05","slug":"photoshop","status":"publish","type":"page","link":"http:\/\/www.pc73.net\/wpfacplus\/photoshop\/","title":{"rendered":"Photoshop"},"content":{"rendered":"\n<div class=\"wp-block-cover ticss-72dc76a0\"><span aria-hidden=\"true\" class=\"wp-block-cover__background has-background-dim\"><\/span><img loading=\"lazy\" decoding=\"async\" width=\"1398\" height=\"901\" class=\"wp-block-cover__image-background wp-image-2227\" alt=\"\" src=\"http:\/\/www.pc73.net\/wpfacplus\/wp-content\/uploads\/2023\/10\/photoshop-min.jpg\" style=\"object-position:59% 26%\" data-object-fit=\"cover\" data-object-position=\"59% 26%\" srcset=\"http:\/\/www.pc73.net\/wpfacplus\/wp-content\/uploads\/2023\/10\/photoshop-min.jpg 1398w, http:\/\/www.pc73.net\/wpfacplus\/wp-content\/uploads\/2023\/10\/photoshop-min-300x193.jpg 300w, http:\/\/www.pc73.net\/wpfacplus\/wp-content\/uploads\/2023\/10\/photoshop-min-1024x660.jpg 1024w, http:\/\/www.pc73.net\/wpfacplus\/wp-content\/uploads\/2023\/10\/photoshop-min-768x495.jpg 768w\" sizes=\"auto, (max-width: 1398px) 100vw, 1398px\" \/><div class=\"wp-block-cover__inner-container is-layout-constrained wp-block-cover-is-layout-constrained\">\n<p class=\"has-text-align-center has-large-font-size\"><\/p>\n<\/div><\/div>\n\n\n\n<div style=\"height:50px\" aria-hidden=\"true\" class=\"wp-block-spacer\"><\/div>\n\n\n\n<h2 class=\"wp-block-heading has-text-align-center has-neve-link-color-color has-text-color\">Formations Adobe PHOTOSHOP<\/h2>\n\n\n\n<div id=\"wp-block-themeisle-blocks-advanced-columns-7cad253c\" class=\"wp-block-themeisle-blocks-advanced-columns has-2-columns has-desktop-oneTwo-layout has-tablet-equal-layout has-mobile-collapsedRows-layout has-vertical-unset\"><div class=\"wp-block-themeisle-blocks-advanced-columns-overlay\"><\/div><div class=\"innerblocks-wrap\">\n<div id=\"wp-block-themeisle-blocks-advanced-column-ae23aaef\" class=\"wp-block-themeisle-blocks-advanced-column\">\n<div id=\"wp-block-themeisle-blocks-tabs-43e51b89\" class=\"wp-block-themeisle-blocks-tabs animated backInLeft is-align-left\"><div class=\"wp-block-themeisle-blocks-tabs__content\">\n<div data-title=\"Photoshop d\u00e9butant\" class=\"wp-block-themeisle-blocks-tabs-item\"><div class=\"wp-block-themeisle-blocks-tabs-item__header\" tabindex=\"0\">Photoshop d\u00e9butant<\/div><div class=\"wp-block-themeisle-blocks-tabs-item__content\">\n<p><mark style=\"background-color:rgba(0, 0, 0, 0)\" class=\"has-inline-color has-neve-link-hover-color-color\"><strong><em>Je d\u00e9bute sur photoshop<\/em><\/strong><\/mark>. D\u00e9couvrir et apprendre l\u2019interface, l\u2019espace de travail et les bases fondamentales. D\u00e9couvrir et apprendre la g\u00e9om\u00e9trie et corrections de l\u2019image. D\u00e9couvrir et apprendre le d\u00e9tourage, masques et photomontages. D\u00e9couvrir et apprendre les fonctions graphiques et effets, l\u2019exportation et l\u2019automatisation<\/p>\n\n\n\n<h4 class=\"wp-block-heading has-text-align-center\">Dur\u00e9e : <mark style=\"background-color:rgba(0, 0, 0, 0)\" class=\"has-inline-color has-neve-link-color-color\">21H<\/mark> Tarif : <mark style=\"background-color:rgba(0, 0, 0, 0)\" class=\"has-inline-color has-neve-link-color-color\">1764\u20ac TTC<\/mark><\/h4>\n\n\n\n<h3 class=\"wp-block-heading has-text-align-center has-neve-link-color-color has-text-color\">Formation dispens\u00e9e en pr\u00e9sentiel, classe virtuelle ou mixte e-learning<\/h3>\n\n\n\n<h4 class=\"wp-block-heading has-text-align-center\">Modulable pour la dur\u00e9e et le tarif selon vos besoins<\/h4>\n\n\n\n<h4 class=\"wp-block-heading has-text-align-center has-neve-link-color-color has-text-color\"><a href=\"http:\/\/www.pc73.net\/wpfacplus\/sinscrire\/\" data-type=\"page\" data-id=\"1068\">Inscription hors <strong><mark style=\"background-color:rgba(0, 0, 0, 0)\" class=\"has-inline-color has-neve-text-color-color\">CPF<\/mark><\/strong> &#8211; Comment s&rsquo;inscrire ?<\/a><\/h4>\n\n\n\n<div class=\"wp-block-buttons is-content-justification-left is-nowrap is-layout-flex wp-container-core-buttons-is-layout-6447b855 wp-block-buttons-is-layout-flex\">\n<div class=\"wp-block-button has-custom-width wp-block-button__width-50 is-style-primary\"><a class=\"wp-block-button__link wp-element-button\" href=\"https:\/\/docs.google.com\/forms\/d\/e\/1FAIpQLSftDWl35UF0pGEbxg_1AFQuT6xNsEVArZpSFX1Z3O0QJKI67Q\/viewform\" style=\"border-radius:20px\" target=\"_blank\" rel=\"noreferrer noopener\">TEST DE NIVEAU<\/a><\/div>\n\n\n\n<div class=\"wp-block-button has-custom-width wp-block-button__width-50 is-style-default\"><a class=\"wp-block-button__link wp-element-button\" href=\"https:\/\/www.moncompteformation.gouv.fr\/espace-prive\/html\/#\/formation\/recherche\/83807710500024_PS-TNiv0-1-RS6204\/83807710500024_PS-TNiv0-1\" style=\"border-radius:20px\" target=\"_blank\" rel=\"noreferrer noopener\">S\u2019INSCRIRE SUR MCF <\/a><\/div>\n<\/div>\n\n\n\n<p class=\"has-text-align-center has-small-font-size\">*<mark style=\"background-color:rgba(0, 0, 0, 0)\" class=\"has-inline-color has-neve-link-color-color\"><strong>MCF<\/strong><\/mark> &#8211; Mon compte personnel de formation<\/p>\n\n\n<div class=\"wp-block-image is-style-default ticss-aab5bd25\">\n<figure class=\"aligncenter size-full is-resized\" id=\"wp-block-themeisle-blocks-image-fc3bf961\"><a href=\"http:\/\/www.pc73.net\/wpfacplus\/wp-content\/uploads\/2023\/10\/CPF-PS-TNiv0-1-Intro-Windows-et-PHOTOSHOP-initiation-3-jours-ou-21H-V2-02-10-2022.pdf\" target=\"_blank\" rel=\"noreferrer noopener\"><img loading=\"lazy\" decoding=\"async\" width=\"50\" height=\"84\" src=\"http:\/\/www.pc73.net\/wpfacplus\/wp-content\/uploads\/2023\/09\/logo-acrobat-min-1.png\" alt=\"\" class=\"wp-image-1611\" style=\"object-fit:contain;width:50px;height:84px\"\/><\/a><\/figure>\n<\/div>\n\n\n<h5 class=\"wp-block-heading has-text-align-center has-neve-link-color-color has-text-color\">T\u00e9l\u00e9chargement du programme de formation<\/h5>\n<\/div><\/div>\n\n\n\n<div data-title=\"Photoshop - Compl\u00e8te\" class=\"wp-block-themeisle-blocks-tabs-item\"><div class=\"wp-block-themeisle-blocks-tabs-item__header\" tabindex=\"0\">Photoshop &#8211; Compl\u00e8te<\/div><div class=\"wp-block-themeisle-blocks-tabs-item__content\">\n<p><mark style=\"background-color:rgba(0, 0, 0, 0)\" class=\"has-inline-color has-neve-link-color-color\"><strong><em>Travailler en autonomie<\/em><\/strong><\/mark>. Maitriser l\u2019interface, l\u2019espace de travail et les bases fondamentales. Maitriser la g\u00e9om\u00e9trie et corrections de l\u2019image. Maitriser le d\u00e9tourage, masques et photomontages. Maitriser les fonctions graphiques et effets, l\u2019exportation et l\u2019automatisation<\/p>\n\n\n\n<h4 class=\"wp-block-heading has-text-align-center\">Dur\u00e9e : <mark style=\"background-color:rgba(0, 0, 0, 0)\" class=\"has-inline-color has-neve-link-color-color\">49H<\/mark> Tarif : <mark style=\"background-color:rgba(0, 0, 0, 0)\" class=\"has-inline-color has-neve-link-color-color\">4116\u20ac TTC<\/mark><\/h4>\n\n\n\n<h3 class=\"wp-block-heading has-text-align-center has-neve-link-color-color has-text-color\">Formation dispens\u00e9e en pr\u00e9sentiel, classe virtuelle ou mixte e-learning<\/h3>\n\n\n\n<h4 class=\"wp-block-heading has-text-align-center\">Modulable pour la dur\u00e9e et le tarif selon vos besoins<\/h4>\n\n\n\n<h4 class=\"wp-block-heading has-text-align-center has-neve-link-color-color has-text-color\"><a href=\"http:\/\/www.pc73.net\/wpfacplus\/sinscrire\/\" data-type=\"page\" data-id=\"1068\">Inscription hors <strong><mark style=\"background-color:rgba(0, 0, 0, 0)\" class=\"has-inline-color has-neve-text-color-color\">CPF<\/mark><\/strong> &#8211; Comment s&rsquo;inscrire ?<\/a><\/h4>\n\n\n\n<div class=\"wp-block-buttons is-content-justification-left is-nowrap is-layout-flex wp-container-core-buttons-is-layout-6447b855 wp-block-buttons-is-layout-flex\">\n<div class=\"wp-block-button has-custom-width wp-block-button__width-50 is-style-primary\"><a class=\"wp-block-button__link wp-element-button\" href=\"https:\/\/docs.google.com\/forms\/d\/e\/1FAIpQLSftDWl35UF0pGEbxg_1AFQuT6xNsEVArZpSFX1Z3O0QJKI67Q\/viewform\" style=\"border-radius:20px\" target=\"_blank\" rel=\"noreferrer noopener\">TEST DE NIVEAU<\/a><\/div>\n\n\n\n<div class=\"wp-block-button has-custom-width wp-block-button__width-50 is-style-default\"><a class=\"wp-block-button__link wp-element-button\" href=\"https:\/\/www.moncompteformation.gouv.fr\/espace-prive\/html\/#\/formation\/recherche\/83807710500024_PS-TNiv0-3-RS6204\/83807710500024_PS-TNiv0-3\" style=\"border-radius:20px\" target=\"_blank\" rel=\"noreferrer noopener\">S\u2019INSCRIRE SUR MCF<\/a><\/div>\n<\/div>\n\n\n\n<p class=\"has-text-align-center has-small-font-size\">*<mark style=\"background-color:rgba(0, 0, 0, 0)\" class=\"has-inline-color has-neve-link-color-color\"><strong>MCF<\/strong><\/mark> &#8211; Mon compte personnel de formation<\/p>\n\n\n<div class=\"wp-block-image is-style-default ticss-25bb46c4\">\n<figure class=\"aligncenter size-full is-resized\" id=\"wp-block-themeisle-blocks-image-73774aa8\"><a href=\"http:\/\/www.pc73.net\/wpfacplus\/wp-content\/uploads\/2023\/10\/CPF-PS-TNiv0-3-Intro-Windows-et-PHOTOSHOP-Niveau-12_-3-Initial-a-Expert-7-jours-ou-49H-V2-30-09-2022.pdf\" target=\"_blank\" rel=\"noreferrer noopener\"><img loading=\"lazy\" decoding=\"async\" width=\"50\" height=\"84\" src=\"http:\/\/www.pc73.net\/wpfacplus\/wp-content\/uploads\/2023\/09\/logo-acrobat-min-1.png\" alt=\"\" class=\"wp-image-1611\" style=\"object-fit:contain;width:50px;height:84px\"\/><\/a><\/figure>\n<\/div>\n\n\n<h5 class=\"wp-block-heading has-text-align-center has-neve-link-color-color has-text-color\">T\u00e9l\u00e9chargement du programme de formation<\/h5>\n<\/div><\/div>\n\n\n\n<div data-title=\"Photoshop expert\" class=\"wp-block-themeisle-blocks-tabs-item\"><div class=\"wp-block-themeisle-blocks-tabs-item__header\" tabindex=\"0\">Photoshop expert<\/div><div class=\"wp-block-themeisle-blocks-tabs-item__content\">\n<p><mark style=\"background-color:rgba(0, 0, 0, 0)\" class=\"has-inline-color has-neve-link-color-color\"><strong><em>Pr\u00e9-requis obligatoire<\/em><\/strong><\/mark> : avoir suivi une formation compl\u00e8te d&rsquo;illustrator. Obtenir une expertise sur l\u2019interface, l\u2019espace de travail et les bases fondamentales. Obtenir une expertise sur la g\u00e9om\u00e9trie et corrections de l\u2019image. Obtenir une expertise sur le d\u00e9tourage, masques et photomontages. Obtenir une expertise sur les fonctions graphiques et effets, l\u2019exportation et l\u2019automatisation<\/p>\n\n\n\n<h4 class=\"wp-block-heading has-text-align-center\">Dur\u00e9e : <mark style=\"background-color:rgba(0, 0, 0, 0)\" class=\"has-inline-color has-neve-link-color-color\">21H<\/mark> Tarif : <mark style=\"background-color:rgba(0, 0, 0, 0)\" class=\"has-inline-color has-neve-link-color-color\">1764\u20ac TTC<\/mark><\/h4>\n\n\n\n<h3 class=\"wp-block-heading has-text-align-center has-neve-link-color-color has-text-color\">Formation dispens\u00e9e en pr\u00e9sentiel, classe virtuelle ou mixte e-learning<\/h3>\n\n\n\n<h4 class=\"wp-block-heading has-text-align-center\">Modulable pour la dur\u00e9e et le tarif selon vos besoins<\/h4>\n\n\n\n<h4 class=\"wp-block-heading has-text-align-center has-neve-link-color-color has-text-color\"><a href=\"http:\/\/www.pc73.net\/wpfacplus\/sinscrire\/\" data-type=\"page\" data-id=\"1068\">Inscription hors <strong><mark style=\"background-color:rgba(0, 0, 0, 0)\" class=\"has-inline-color has-neve-text-color-color\">CPF<\/mark><\/strong> &#8211; Comment s&rsquo;inscrire ?<\/a><\/h4>\n\n\n\n<div class=\"wp-block-buttons is-content-justification-left is-nowrap is-layout-flex wp-container-core-buttons-is-layout-6447b855 wp-block-buttons-is-layout-flex\">\n<div class=\"wp-block-button has-custom-width wp-block-button__width-50 is-style-primary\"><a class=\"wp-block-button__link wp-element-button\" href=\"https:\/\/docs.google.com\/forms\/d\/e\/1FAIpQLSftDWl35UF0pGEbxg_1AFQuT6xNsEVArZpSFX1Z3O0QJKI67Q\/viewform\" style=\"border-radius:20px\" target=\"_blank\" rel=\"noreferrer noopener\">TEST DE NIVEAU<\/a><\/div>\n\n\n\n<div class=\"wp-block-button has-custom-width wp-block-button__width-50 is-style-default\"><a class=\"wp-block-button__link wp-element-button\" href=\"https:\/\/www.moncompteformation.gouv.fr\/espace-prive\/html\/#\/formation\/recherche\/83807710500024_PS-TNiv3-RS6204\/83807710500024_PS-TNiv3\" style=\"border-radius:20px\" target=\"_blank\" rel=\"noreferrer noopener\">S\u2019INSCRIRE SUR MCF<\/a><\/div>\n<\/div>\n\n\n\n<p class=\"has-text-align-center has-small-font-size\">*<mark style=\"background-color:rgba(0, 0, 0, 0)\" class=\"has-inline-color has-neve-link-color-color\"><strong>MCF<\/strong><\/mark> &#8211; Mon compte personnel de formation<\/p>\n\n\n<div class=\"wp-block-image is-style-default ticss-bc6af9c2\">\n<figure class=\"aligncenter size-full is-resized\" id=\"wp-block-themeisle-blocks-image-c6a05c8f\"><a href=\"http:\/\/www.pc73.net\/wpfacplus\/wp-content\/uploads\/2023\/10\/CPF-PS-TNiv3-PHOTOSHOP-Niveau-3-Expert-3-jours-ou-21H-V2-30-09-2022.pdf\" target=\"_blank\" rel=\"noreferrer noopener\"><img loading=\"lazy\" decoding=\"async\" width=\"50\" height=\"84\" src=\"http:\/\/www.pc73.net\/wpfacplus\/wp-content\/uploads\/2023\/09\/logo-acrobat-min-1.png\" alt=\"\" class=\"wp-image-1611\" style=\"object-fit:contain;width:50px;height:84px\"\/><\/a><\/figure>\n<\/div>\n\n\n<h5 class=\"wp-block-heading has-text-align-center has-neve-link-color-color has-text-color\">T\u00e9l\u00e9chargement du programme de formation<\/h5>\n<\/div><\/div>\n<\/div><\/div>\n<\/div>\n\n\n\n<div id=\"wp-block-themeisle-blocks-advanced-column-041d363d\" class=\"wp-block-themeisle-blocks-advanced-column\">\n<h2 class=\"wp-block-heading has-text-align-center has-neve-text-color-color has-text-color\"> PHOTOSHOP &#8211; Logiciel de cr\u00e9ation graphique <\/h2>\n\n\n\n<p class=\"ticss-63ac9492\"><mark style=\"background-color:rgba(0, 0, 0, 0)\" class=\"has-inline-color has-neve-link-color-color\"><strong>Photoshop<\/strong> <\/mark>est un logiciel de retouche, de traitement et de dessin assist\u00e9 par ordinateur, lanc\u00e9 en 1990 puis en 1992 pour les syst\u00e8mes d&rsquo;exploitations MacOS et Windows.<\/p>\n\n\n\n<p class=\"ticss-91fe48db\">\u00c9dit\u00e9 par la soci\u00e9t\u00e9 Adobe, il est principalement utilis\u00e9 pour le traitement des photographies num\u00e9riques et sert \u00e9galement \u00e0 la cr\u00e9ation  d\u2019images.<\/p>\n\n\n\n<p class=\"ticss-8600c4f4\">Il travaille essentiellement sur images matricielles car les images sont constitu\u00e9es d\u2019une grille de points appel\u00e9s pixels. L\u2019int\u00e9r\u00eat de ces images est de reproduire des gradations subtiles de couleurs.<\/p>\n<\/div>\n<\/div><\/div>\n\n\n\n<div style=\"height:50px\" aria-hidden=\"true\" class=\"wp-block-spacer\"><\/div>\n\n\n\n<h2 class=\"wp-block-heading has-text-align-center ticss-7c23d394\">D\u00e9placer la s\u00e9lection en cours<\/h2>\n\n\n\n<p class=\"ticss-3865d289\"> Avec tous les outils de s\u00e9lection, faites votre s\u00e9lection et avant de rel\u00e2cher appuyez sur <strong><mark style=\"background-color:rgba(0, 0, 0, 0)\" class=\"has-inline-color has-neve-link-color-color\">espace<\/mark><\/strong> pour d\u00e9placer la s\u00e9lection.<\/p>\n\n\n\n<h2 class=\"wp-block-heading has-text-align-center ticss-67d08b32\">Copie rapide des calques<\/h2>\n\n\n\n<p class=\"ticss-7b672f1b\">En maintenant la touche <strong><mark style=\"background-color:rgba(0, 0, 0, 0)\" class=\"has-inline-color has-neve-link-color-color\">Alt<\/mark><\/strong> enfonc\u00e9, glissez le calque actif dans le panneau calque afin d&rsquo;en faire une copie instantan\u00e9e.<\/p>\n\n\n\n<div style=\"height:50px\" aria-hidden=\"true\" class=\"wp-block-spacer\"><\/div>\n\n\n\n<div class=\"wp-block-group alignfull has-background-color ticss-b6d689f7 has-neve-link-color-background-color has-background has-link-color has-medium-font-size wp-elements-144723183ce5420a6c5303a66ea4297c\" style=\"min-height:40vh;margin-top:0;margin-bottom:0;padding-top:var(--wp--preset--spacing--60);padding-right:var(--wp--preset--spacing--40);padding-bottom:var(--wp--preset--spacing--60);padding-left:var(--wp--preset--spacing--40)\"><div class=\"wp-block-group__inner-container is-layout-constrained wp-container-core-group-is-layout-27c39f3e wp-block-group-is-layout-constrained\">\n<div class=\"wp-block-columns alignwide has-small-font-size is-layout-flex wp-container-core-columns-is-layout-9d6595d7 wp-block-columns-is-layout-flex\">\n<div class=\"wp-block-column ticss-37c2d156 is-layout-flow wp-block-column-is-layout-flow\">\n<p class=\"has-text-align-center has-medium-font-size\">1969 route royale<\/p>\n\n\n\n<p class=\"has-text-align-center has-nv-site-bg-color has-text-color has-large-font-size\">FACPLUS<\/p>\n\n\n\n<p class=\"has-text-align-center has-medium-font-size\">73190 Challes les eaux<\/p>\n\n\n\n<p class=\"has-text-align-center has-nv-site-bg-color has-text-color has-medium-font-size\">Ouverture au public<\/p>\n\n\n\n<p class=\"has-text-align-center has-medium-font-size\">Lundi au vendredi : 9:00 &#8211; 12:00 et 14:00 &#8211; 18:00<\/p>\n\n\n\n<p class=\"has-text-align-center has-medium-font-size\">Lundi matin, vendredi am, samedi matin sur RDV<\/p>\n<\/div>\n\n\n\n<div class=\"wp-block-column ticss-ef63ceff is-layout-flow wp-block-column-is-layout-flow\"><nav class=\"has-text-color has-nv-site-bg-color has-medium-font-size items-justified-center is-vertical wp-block-navigation is-content-justification-center is-layout-flex wp-container-core-navigation-is-layout-9a7cdcfd wp-block-navigation-is-layout-flex\" aria-label=\"web-agency-gb-main-menu\"><ul class=\"wp-block-navigation__container has-text-color has-nv-site-bg-color has-medium-font-size items-justified-center is-vertical wp-block-navigation has-medium-font-size\"><li class=\"has-medium-font-size wp-block-navigation-item menu-item menu-item-type-post_type menu-item-object-page menu-item-home ticss-a9e52769 wp-block-navigation-link\"><a class=\"wp-block-navigation-item__content\"  href=\"http:\/\/www.pc73.net\/wpfacplus\/\" title=\"\"><span class=\"wp-block-navigation-item__label\">Accueil<\/span><\/a><\/li><li class=\"has-medium-font-size wp-block-navigation-item menu-item menu-item-type-post_type wp-block-navigation-link\"><a class=\"wp-block-navigation-item__content\"  href=\"http:\/\/www.pc73.net\/wpfacplus\/historique\/\" title=\"\"><span class=\"wp-block-navigation-item__label\">A propos de nous<\/span><\/a><\/li><li class=\"has-medium-font-size wp-block-navigation-item wp-block-navigation-link\"><a class=\"wp-block-navigation-item__content\"  href=\"https:\/\/goo.gl\/maps\/g7nTJkBkCCo\" target=\"_blank\"   title=\"\"><span class=\"wp-block-navigation-item__label\">Nous situer<\/span><span class=\"wp-block-navigation-item__description\">Situation g\u00e9ographique FACPLUS<\/span><\/a><\/li><li class=\"has-medium-font-size wp-block-navigation-item  menu-item menu-item-type-post_type menu-item-object-page wp-block-navigation-link\"><a class=\"wp-block-navigation-item__content\"  href=\"http:\/\/www.pc73.net\/wpfacplus\/contact\/\" title=\"\"><span class=\"wp-block-navigation-item__label\">Contactez nous<\/span><\/a><\/li><li class=\"wp-block-navigation-item\"><div class=\"is-default-size is-style-default wp-block-site-logo\"><a href=\"http:\/\/www.pc73.net\/wpfacplus\/\" class=\"custom-logo-link\" rel=\"home\"><img loading=\"lazy\" decoding=\"async\" width=\"367\" height=\"376\" src=\"http:\/\/www.pc73.net\/wpfacplus\/wp-content\/uploads\/2023\/09\/logo-fac1-min.png\" class=\"custom-logo\" alt=\"FacPlus\" srcset=\"http:\/\/www.pc73.net\/wpfacplus\/wp-content\/uploads\/2023\/09\/logo-fac1-min.png 367w, http:\/\/www.pc73.net\/wpfacplus\/wp-content\/uploads\/2023\/09\/logo-fac1-min-293x300.png 293w\" sizes=\"auto, (max-width: 367px) 100vw, 367px\" \/><\/a><\/div><\/li><\/ul><\/nav><\/div>\n\n\n\n<div class=\"wp-block-column is-layout-flow wp-block-column-is-layout-flow\">\n<p class=\"has-text-align-center has-medium-font-size\">Suivez-nous<\/p>\n\n\n\n<div class=\"wp-block-group is-vertical is-content-justification-center is-layout-flex wp-container-core-group-is-layout-bdd043ae wp-block-group-is-layout-flex\">\n<p class=\"has-medium-font-size\"><a href=\"https:\/\/www.facebook.com\/FACPLUS.FR\/\" target=\"_blank\" rel=\"noreferrer noopener\">Facebook<\/a><\/p>\n\n\n\n<p class=\"has-medium-font-size\"><a href=\"https:\/\/www.linkedin.com\/in\/fac-plus\/\" target=\"_blank\" rel=\"noreferrer noopener\">Linkedin<\/a><\/p>\n\n\n\n<p><\/p>\n<\/div>\n\n\n\n<div style=\"height:24px\" aria-hidden=\"true\" class=\"wp-block-spacer\"><\/div>\n<\/div>\n<\/div>\n\n\n\n<div class=\"wp-block-group alignwide is-content-justification-center is-layout-flex wp-container-core-group-is-layout-5590e8cb wp-block-group-is-layout-flex\">\n<p class=\"has-text-align-center has-small-font-size\"> D\u00e9velopp\u00e9 par <mark style=\"background-color:rgba(0, 0, 0, 0)\" class=\"has-inline-color has-nv-site-bg-color\">FACPLUS<\/mark><\/p>\n<\/div>\n<\/div><\/div>\n","protected":false},"excerpt":{"rendered":"<p>Formations Adobe PHOTOSHOP D\u00e9placer la s\u00e9lection en cours Avec tous les outils de s\u00e9lection, faites votre s\u00e9lection et avant de rel\u00e2cher appuyez sur espace pour d\u00e9placer la s\u00e9lection. Copie rapide des calques En maintenant la touche Alt enfonc\u00e9, glissez le calque actif dans le panneau calque afin d&rsquo;en faire une copie instantan\u00e9e. 1969 route royale&hellip;&nbsp;<a href=\"http:\/\/www.pc73.net\/wpfacplus\/photoshop\/\" class=\"\" rel=\"bookmark\">Lire la suite &raquo;<span class=\"screen-reader-text\">Photoshop<\/span><\/a><\/p>\n","protected":false},"author":2,"featured_media":0,"parent":0,"menu_order":0,"comment_status":"closed","ping_status":"closed","template":"","meta":{"neve_meta_sidebar":"","neve_meta_container":"full-width","neve_meta_enable_content_width":"","neve_meta_content_width":0,"neve_meta_title_alignment":"","neve_meta_author_avatar":"","neve_post_elements_order":"","neve_meta_disable_header":"off","neve_meta_disable_footer":"on","neve_meta_disable_title":"on","neve_meta_reading_time":"","_themeisle_gutenberg_block_has_review":false,"_ti_tpc_template_sync":false,"_ti_tpc_template_id":"","footnotes":""},"class_list":["post-1100","page","type-page","status-publish","hentry"],"_links":{"self":[{"href":"http:\/\/www.pc73.net\/wpfacplus\/wp-json\/wp\/v2\/pages\/1100","targetHints":{"allow":["GET"]}}],"collection":[{"href":"http:\/\/www.pc73.net\/wpfacplus\/wp-json\/wp\/v2\/pages"}],"about":[{"href":"http:\/\/www.pc73.net\/wpfacplus\/wp-json\/wp\/v2\/types\/page"}],"author":[{"embeddable":true,"href":"http:\/\/www.pc73.net\/wpfacplus\/wp-json\/wp\/v2\/users\/2"}],"replies":[{"embeddable":true,"href":"http:\/\/www.pc73.net\/wpfacplus\/wp-json\/wp\/v2\/comments?post=1100"}],"version-history":[{"count":16,"href":"http:\/\/www.pc73.net\/wpfacplus\/wp-json\/wp\/v2\/pages\/1100\/revisions"}],"predecessor-version":[{"id":2253,"href":"http:\/\/www.pc73.net\/wpfacplus\/wp-json\/wp\/v2\/pages\/1100\/revisions\/2253"}],"wp:attachment":[{"href":"http:\/\/www.pc73.net\/wpfacplus\/wp-json\/wp\/v2\/media?parent=1100"}],"curies":[{"name":"wp","href":"https:\/\/api.w.org\/{rel}","templated":true}]}}