{"id":1122,"date":"2023-08-30T15:39:08","date_gmt":"2023-08-30T13:39:08","guid":{"rendered":"http:\/\/www.pc73.net\/wpfacplus\/?page_id=1122"},"modified":"2023-10-16T17:49:29","modified_gmt":"2023-10-16T15:49:29","slug":"developpeur-web","status":"publish","type":"page","link":"http:\/\/www.pc73.net\/wpfacplus\/developpeur-web\/","title":{"rendered":"D\u00e9veloppeur WEB"},"content":{"rendered":"\n<div class=\"wp-block-cover ticss-7a76c440\"><span aria-hidden=\"true\" class=\"wp-block-cover__background has-background-dim\"><\/span><img loading=\"lazy\" decoding=\"async\" width=\"2212\" height=\"1106\" class=\"wp-block-cover__image-background wp-image-2255\" alt=\"\" src=\"http:\/\/www.pc73.net\/wpfacplus\/wp-content\/uploads\/2023\/10\/Codage-min.jpg\" data-object-fit=\"cover\" srcset=\"http:\/\/www.pc73.net\/wpfacplus\/wp-content\/uploads\/2023\/10\/Codage-min.jpg 2212w, http:\/\/www.pc73.net\/wpfacplus\/wp-content\/uploads\/2023\/10\/Codage-min-300x150.jpg 300w, http:\/\/www.pc73.net\/wpfacplus\/wp-content\/uploads\/2023\/10\/Codage-min-1024x512.jpg 1024w, http:\/\/www.pc73.net\/wpfacplus\/wp-content\/uploads\/2023\/10\/Codage-min-768x384.jpg 768w, http:\/\/www.pc73.net\/wpfacplus\/wp-content\/uploads\/2023\/10\/Codage-min-1536x768.jpg 1536w, http:\/\/www.pc73.net\/wpfacplus\/wp-content\/uploads\/2023\/10\/Codage-min-2048x1024.jpg 2048w\" sizes=\"auto, (max-width: 2212px) 100vw, 2212px\" \/><div class=\"wp-block-cover__inner-container is-layout-constrained wp-block-cover-is-layout-constrained\">\n<p class=\"has-text-align-center has-large-font-size\"><\/p>\n<\/div><\/div>\n\n\n\n<div style=\"height:50px\" aria-hidden=\"true\" class=\"wp-block-spacer\"><\/div>\n\n\n\n<h2 class=\"wp-block-heading has-text-align-center has-neve-link-color-color has-text-color\">Formation Web Developer<\/h2>\n\n\n\n<div id=\"wp-block-themeisle-blocks-advanced-columns-7cad253c\" class=\"wp-block-themeisle-blocks-advanced-columns has-2-columns has-desktop-oneTwo-layout has-tablet-equal-layout has-mobile-collapsedRows-layout has-vertical-unset\"><div class=\"wp-block-themeisle-blocks-advanced-columns-overlay\"><\/div><div class=\"innerblocks-wrap\">\n<div id=\"wp-block-themeisle-blocks-advanced-column-ae23aaef\" class=\"wp-block-themeisle-blocks-advanced-column\">\n<div id=\"wp-block-themeisle-blocks-tabs-43e51b89\" class=\"wp-block-themeisle-blocks-tabs animated backInLeft is-align-left\"><div class=\"wp-block-themeisle-blocks-tabs__content\">\n<div data-title=\"Apprendre \u00e0 coder pour le WEB\" class=\"wp-block-themeisle-blocks-tabs-item\"><div class=\"wp-block-themeisle-blocks-tabs-item__header\" tabindex=\"0\">Apprendre \u00e0 coder pour le WEB<\/div><div class=\"wp-block-themeisle-blocks-tabs-item__content\">\n<p>D\u00e9couvrir et apprendre les tables et requ\u00eates, d\u00e9couvrir et apprendre les formulaires et \u00e9tats, d\u00e9couvrir et apprendre les macros et VBA.<\/p>\n\n\n\n<h4 class=\"wp-block-heading has-text-align-center\">Dur\u00e9e : <mark style=\"background-color:rgba(0, 0, 0, 0)\" class=\"has-inline-color has-neve-link-color-color\">28H<\/mark> Tarif : <mark style=\"background-color:rgba(0, 0, 0, 0)\" class=\"has-inline-color has-neve-link-color-color\">2352\u20ac TTC<\/mark><\/h4>\n\n\n\n<h3 class=\"wp-block-heading has-text-align-center has-neve-link-color-color has-text-color\">Formation dispens\u00e9e en pr\u00e9sentiel, classe virtuelle ou mixte e-learning<\/h3>\n\n\n\n<h4 class=\"wp-block-heading has-text-align-center\">Modulable pour la dur\u00e9e et le tarif selon vos besoins<\/h4>\n\n\n\n<h4 class=\"wp-block-heading has-text-align-center has-neve-link-color-color has-text-color\"><a href=\"http:\/\/www.pc73.net\/wpfacplus\/sinscrire\/\" data-type=\"page\" data-id=\"1068\">Inscription hors <strong><mark style=\"background-color:rgba(0, 0, 0, 0)\" class=\"has-inline-color has-neve-text-color-color\">CPF<\/mark><\/strong> &#8211; Comment s&rsquo;inscrire ?<\/a><\/h4>\n\n\n\n<div class=\"wp-block-buttons is-content-justification-left is-nowrap is-layout-flex wp-container-core-buttons-is-layout-6447b855 wp-block-buttons-is-layout-flex\">\n<div class=\"wp-block-button has-custom-width wp-block-button__width-50 is-style-primary\"><a class=\"wp-block-button__link wp-element-button\" style=\"border-radius:20px\">TEST DE NIVEAU<\/a><\/div>\n\n\n\n<div class=\"wp-block-button has-custom-width wp-block-button__width-50 is-style-default\"><a class=\"wp-block-button__link wp-element-button\" style=\"border-radius:20px\">S\u2019INSCRIRE SUR MCF <\/a><\/div>\n<\/div>\n\n\n\n<p class=\"has-text-align-center has-small-font-size\">*<mark style=\"background-color:rgba(0, 0, 0, 0)\" class=\"has-inline-color has-neve-link-color-color\"><strong>MCF<\/strong><\/mark> &#8211; Mon compte personnel de formation<\/p>\n\n\n<div class=\"wp-block-image is-style-default ticss-639b7030\">\n<figure class=\"aligncenter size-full is-resized\" id=\"wp-block-themeisle-blocks-image-d2bc103a\"><a href=\"http:\/\/www.pc73.net\/wpfacplus\/wp-content\/uploads\/2023\/10\/CPF-CO-TNiv0-2-HTML-et-CSS-Le-Web-a-la-portee-de-tous-28H.pdf\" target=\"_blank\" rel=\"noreferrer noopener\"><img loading=\"lazy\" decoding=\"async\" width=\"50\" height=\"84\" src=\"http:\/\/www.pc73.net\/wpfacplus\/wp-content\/uploads\/2023\/09\/logo-acrobat-min-1.png\" alt=\"\" class=\"wp-image-1611\" style=\"object-fit:contain;width:50px;height:84px\"\/><\/a><\/figure>\n<\/div>\n\n\n<h5 class=\"wp-block-heading has-text-align-center has-neve-link-color-color has-text-color\">T\u00e9l\u00e9chargement du programme de formation<\/h5>\n<\/div><\/div>\n<\/div><\/div>\n<\/div>\n\n\n\n<div id=\"wp-block-themeisle-blocks-advanced-column-041d363d\" class=\"wp-block-themeisle-blocks-advanced-column ticss-4dd2ac33\">\n<h2 class=\"wp-block-heading has-text-align-center has-neve-text-color-color has-text-color\"> Formation selon r\u00e9f\u00e9rentiel TOSA<\/h2>\n\n\n\n<p>Apprendre \u00e0 coder et utiliser les standards du WEB comme le HTML5 et le CSS afin de cr\u00e9er son propre site WEB ou avoir les bases pour une utilisation sur WORDPRESS<\/p>\n\n\n\n<p>La certification Tosa WebDeveloper, bas\u00e9e sur le r\u00e9f\u00e9rentiel du m\u00eame nom issu de la Commission europ\u00e9enne, comporte 4 domaines phares :<\/p>\n\n\n\n<h3 class=\"wp-block-heading has-nv-c-2-color has-text-color\">HTML<\/h3>\n\n\n\n<p>Ce domaine couvre les comp\u00e9tences sur l&rsquo;utilisation de la syntaxe des balises, conna\u00eetre les principes \u00e9l\u00e9mentaires du langage. Utiliser diff\u00e9rents \u00e9l\u00e9ments HTML accompagn\u00e9s d\u2019attributs. Choisir les \u00e9l\u00e9ments HTML pertinents r\u00e9pondant \u00e0 un besoin. Utiliser des \u00e9l\u00e9ments HTML avanc\u00e9s (tableaux, formulaires\u2026)<\/p>\n\n\n\n<h3 class=\"wp-block-heading has-nv-c-2-color has-text-color\">CSS<\/h3>\n\n\n\n<p>Les comp\u00e9tences test\u00e9es dans ce domaine portent sur l\u2019utilisation des feuilles de styles pour structurer ses pages HTML. Conna\u00eetre les principes de base et les r\u00e8gles de priorit\u00e9 du langage. Appliquer une r\u00e8gle de style sur un \u00e9l\u00e9ment avec diff\u00e9rentes m\u00e9thodes. Importer du style CSS depuis une autre feuille de style. Positionner des \u00e9l\u00e9ments dans une page, g\u00e9rer les espaces, la taille des \u00e9l\u00e9ments, et du texte. Lire un fichier CSS \u00e9crit par un autre d\u00e9veloppeur et utiliser les r\u00e8gles CSS \u00e0 l&rsquo;int\u00e9rieur d&rsquo;un fichier HTML<\/p>\n\n\n\n<h3 class=\"wp-block-heading has-nv-c-2-color has-text-color\">Javascript<\/h3>\n\n\n\n<p>Les questions de ce domaine portent sur les connaissances n\u00e9cessaires pour agir sur le DOM. Conna\u00eetre les principales caract\u00e9ristiques et sp\u00e9cificit\u00e9s du langage. Conna\u00eetre les fonctionnalit\u00e9s de base et la syntaxe. Cr\u00e9er et manipuler des objets primitifs, des objets int\u00e9gr\u00e9s ou des objets personnalis\u00e9s plus complexes<br>Comprendre et manipuler les propri\u00e9t\u00e9s d&rsquo;un objet. \u00c9couter, lire et modifier le DOM (Document Object Model)<\/p>\n\n\n\n<h3 class=\"wp-block-heading has-nv-c-2-color has-text-color\">Int\u00e9grer le contenu WEB<\/h3>\n\n\n\n<p>Ce domaine traite de l&rsquo;int\u00e9gration du contenu. Int\u00e9grer conjointement du code HTML, CSS et JavaScript. \u00c9crire du code CSS de personnalisation d&rsquo;affichage. \u00c9crire du code JavaScript de dynamisation de pages web. R\u00e9soudre un bug \u00e0 l&rsquo;int\u00e9rieur d&rsquo;un code complexe \u00e9crit par un autre d\u00e9veloppeur. Comprendre la documentation technique d&rsquo;une biblioth\u00e8que externe<\/p>\n<\/div>\n<\/div><\/div>\n\n\n\n<div style=\"height:50px\" aria-hidden=\"true\" class=\"wp-block-spacer\"><\/div>\n\n\n\n<h2 class=\"wp-block-heading has-text-align-center ticss-7c23d394\">HTML5<\/h2>\n\n\n\n<p class=\"ticss-aa2203ba\">HTML5 est la derni\u00e8re \u00e9dition en date du langage HTML. Cette version a \u00e9t\u00e9 finalis\u00e9e le 28 octobre 2014. Outre l\u2019optimisation purement globale et les quelques modifications esth\u00e9tiques, elle apporte quelques petites nouvelles fonctionnalit\u00e9s qui vont nous faciliter le travail.<\/p>\n\n\n\n<h2 class=\"wp-block-heading has-text-align-center ticss-67d08b32\"><strong>Placeholder dans le champ Input<\/strong><\/h2>\n\n\n\n<p class=\"ticss-bc69e71e\">Nous ne sommes pas forc\u00e9ment fans des \u00e9tiquettes de champs, aujourd\u2019hui ce qui se voit beaucoup c\u2019est les placeholder, des champs contenant les \u00e9tiquettes directement. Quand l\u2019utilisateur entre ses informations, celles-ci s\u2019effacent, une pratique qui encore une fois se faisait avant via du javascript. <code>&lt;input name=\"email\" type=\"email\" placeholder=\"votreadresse@email.fr\" \/&gt;<\/code><\/p>\n\n\n\n<div style=\"height:50px\" aria-hidden=\"true\" class=\"wp-block-spacer\"><\/div>\n\n\n\n<div class=\"wp-block-group alignfull has-background-color ticss-b6d689f7 has-neve-link-color-background-color has-background has-link-color has-medium-font-size wp-elements-144723183ce5420a6c5303a66ea4297c\" style=\"min-height:40vh;margin-top:0;margin-bottom:0;padding-top:var(--wp--preset--spacing--60);padding-right:var(--wp--preset--spacing--40);padding-bottom:var(--wp--preset--spacing--60);padding-left:var(--wp--preset--spacing--40)\"><div class=\"wp-block-group__inner-container is-layout-constrained wp-container-core-group-is-layout-27c39f3e wp-block-group-is-layout-constrained\">\n<div class=\"wp-block-columns alignwide has-small-font-size is-layout-flex wp-container-core-columns-is-layout-9d6595d7 wp-block-columns-is-layout-flex\">\n<div class=\"wp-block-column ticss-37c2d156 is-layout-flow wp-block-column-is-layout-flow\">\n<p class=\"has-text-align-center has-medium-font-size\">1969 route royale<\/p>\n\n\n\n<p class=\"has-text-align-center has-nv-site-bg-color has-text-color has-large-font-size\">FACPLUS<\/p>\n\n\n\n<p class=\"has-text-align-center has-medium-font-size\">73190 Challes les eaux<\/p>\n\n\n\n<p class=\"has-text-align-center has-nv-site-bg-color has-text-color has-medium-font-size\">Ouverture au public<\/p>\n\n\n\n<p class=\"has-text-align-center has-medium-font-size\">Lundi au vendredi : 9:00 &#8211; 12:00 et 14:00 &#8211; 18:00<\/p>\n\n\n\n<p class=\"has-text-align-center has-medium-font-size\">Lundi matin, vendredi am, samedi matin sur RDV<\/p>\n<\/div>\n\n\n\n<div class=\"wp-block-column ticss-ef63ceff is-layout-flow wp-block-column-is-layout-flow\"><nav class=\"has-text-color has-nv-site-bg-color has-medium-font-size items-justified-center is-vertical wp-block-navigation is-content-justification-center is-layout-flex wp-container-core-navigation-is-layout-9a7cdcfd wp-block-navigation-is-layout-flex\" aria-label=\"web-agency-gb-main-menu\"><ul class=\"wp-block-navigation__container has-text-color has-nv-site-bg-color has-medium-font-size items-justified-center is-vertical wp-block-navigation has-medium-font-size\"><li class=\"has-medium-font-size wp-block-navigation-item menu-item menu-item-type-post_type menu-item-object-page menu-item-home ticss-a9e52769 wp-block-navigation-link\"><a class=\"wp-block-navigation-item__content\"  href=\"http:\/\/www.pc73.net\/wpfacplus\/\" title=\"\"><span class=\"wp-block-navigation-item__label\">Accueil<\/span><\/a><\/li><li class=\"has-medium-font-size wp-block-navigation-item menu-item menu-item-type-post_type wp-block-navigation-link\"><a class=\"wp-block-navigation-item__content\"  href=\"http:\/\/www.pc73.net\/wpfacplus\/historique\/\" title=\"\"><span class=\"wp-block-navigation-item__label\">A propos de nous<\/span><\/a><\/li><li class=\"has-medium-font-size wp-block-navigation-item wp-block-navigation-link\"><a class=\"wp-block-navigation-item__content\"  href=\"https:\/\/goo.gl\/maps\/g7nTJkBkCCo\" target=\"_blank\"   title=\"\"><span class=\"wp-block-navigation-item__label\">Nous situer<\/span><span class=\"wp-block-navigation-item__description\">Situation g\u00e9ographique FACPLUS<\/span><\/a><\/li><li class=\"has-medium-font-size wp-block-navigation-item  menu-item menu-item-type-post_type menu-item-object-page wp-block-navigation-link\"><a class=\"wp-block-navigation-item__content\"  href=\"http:\/\/www.pc73.net\/wpfacplus\/contact\/\" title=\"\"><span class=\"wp-block-navigation-item__label\">Contactez nous<\/span><\/a><\/li><li class=\"wp-block-navigation-item\"><div class=\"is-default-size is-style-default wp-block-site-logo\"><a href=\"http:\/\/www.pc73.net\/wpfacplus\/\" class=\"custom-logo-link\" rel=\"home\"><img loading=\"lazy\" decoding=\"async\" width=\"367\" height=\"376\" src=\"http:\/\/www.pc73.net\/wpfacplus\/wp-content\/uploads\/2023\/09\/logo-fac1-min.png\" class=\"custom-logo\" alt=\"FacPlus\" srcset=\"http:\/\/www.pc73.net\/wpfacplus\/wp-content\/uploads\/2023\/09\/logo-fac1-min.png 367w, http:\/\/www.pc73.net\/wpfacplus\/wp-content\/uploads\/2023\/09\/logo-fac1-min-293x300.png 293w\" sizes=\"auto, (max-width: 367px) 100vw, 367px\" \/><\/a><\/div><\/li><\/ul><\/nav><\/div>\n\n\n\n<div class=\"wp-block-column is-layout-flow wp-block-column-is-layout-flow\">\n<p class=\"has-text-align-center has-medium-font-size\">Suivez-nous<\/p>\n\n\n\n<div class=\"wp-block-group is-vertical is-content-justification-center is-layout-flex wp-container-core-group-is-layout-bdd043ae wp-block-group-is-layout-flex\">\n<p class=\"has-medium-font-size\"><a href=\"https:\/\/www.facebook.com\/FACPLUS.FR\/\" target=\"_blank\" rel=\"noreferrer noopener\">Facebook<\/a><\/p>\n\n\n\n<p class=\"has-medium-font-size\"><a href=\"https:\/\/www.linkedin.com\/in\/fac-plus\/\" target=\"_blank\" rel=\"noreferrer noopener\">Linkedin<\/a><\/p>\n\n\n\n<p><\/p>\n<\/div>\n\n\n\n<div style=\"height:24px\" aria-hidden=\"true\" class=\"wp-block-spacer\"><\/div>\n<\/div>\n<\/div>\n\n\n\n<div class=\"wp-block-group alignwide is-content-justification-center is-layout-flex wp-container-core-group-is-layout-5590e8cb wp-block-group-is-layout-flex\">\n<p class=\"has-text-align-center has-small-font-size\"> D\u00e9velopp\u00e9 par <mark style=\"background-color:rgba(0, 0, 0, 0)\" class=\"has-inline-color has-nv-site-bg-color\">FACPLUS<\/mark><\/p>\n<\/div>\n<\/div><\/div>\n","protected":false},"excerpt":{"rendered":"<p>Formation Web Developer HTML5 HTML5 est la derni\u00e8re \u00e9dition en date du langage HTML. Cette version a \u00e9t\u00e9 finalis\u00e9e le 28 octobre 2014. Outre l\u2019optimisation purement globale et les quelques modifications esth\u00e9tiques, elle apporte quelques petites nouvelles fonctionnalit\u00e9s qui vont nous faciliter le travail. Placeholder dans le champ Input Nous ne sommes pas forc\u00e9ment fans&hellip;&nbsp;<a href=\"http:\/\/www.pc73.net\/wpfacplus\/developpeur-web\/\" class=\"\" rel=\"bookmark\">Lire la suite &raquo;<span class=\"screen-reader-text\">D\u00e9veloppeur WEB<\/span><\/a><\/p>\n","protected":false},"author":2,"featured_media":0,"parent":0,"menu_order":0,"comment_status":"closed","ping_status":"closed","template":"","meta":{"neve_meta_sidebar":"","neve_meta_container":"full-width","neve_meta_enable_content_width":"","neve_meta_content_width":0,"neve_meta_title_alignment":"","neve_meta_author_avatar":"","neve_post_elements_order":"","neve_meta_disable_header":"","neve_meta_disable_footer":"on","neve_meta_disable_title":"on","neve_meta_reading_time":"","_themeisle_gutenberg_block_has_review":false,"_ti_tpc_template_sync":false,"_ti_tpc_template_id":"","footnotes":""},"class_list":["post-1122","page","type-page","status-publish","hentry"],"_links":{"self":[{"href":"http:\/\/www.pc73.net\/wpfacplus\/wp-json\/wp\/v2\/pages\/1122","targetHints":{"allow":["GET"]}}],"collection":[{"href":"http:\/\/www.pc73.net\/wpfacplus\/wp-json\/wp\/v2\/pages"}],"about":[{"href":"http:\/\/www.pc73.net\/wpfacplus\/wp-json\/wp\/v2\/types\/page"}],"author":[{"embeddable":true,"href":"http:\/\/www.pc73.net\/wpfacplus\/wp-json\/wp\/v2\/users\/2"}],"replies":[{"embeddable":true,"href":"http:\/\/www.pc73.net\/wpfacplus\/wp-json\/wp\/v2\/comments?post=1122"}],"version-history":[{"count":16,"href":"http:\/\/www.pc73.net\/wpfacplus\/wp-json\/wp\/v2\/pages\/1122\/revisions"}],"predecessor-version":[{"id":2278,"href":"http:\/\/www.pc73.net\/wpfacplus\/wp-json\/wp\/v2\/pages\/1122\/revisions\/2278"}],"wp:attachment":[{"href":"http:\/\/www.pc73.net\/wpfacplus\/wp-json\/wp\/v2\/media?parent=1122"}],"curies":[{"name":"wp","href":"https:\/\/api.w.org\/{rel}","templated":true}]}}