{"id":427,"date":"2023-08-23T09:00:14","date_gmt":"2023-08-23T07:00:14","guid":{"rendered":"http:\/\/www.pc73.net\/wpfacplus\/?page_id=427"},"modified":"2023-09-25T14:56:28","modified_gmt":"2023-09-25T12:56:28","slug":"presentation-2","status":"publish","type":"page","link":"http:\/\/www.pc73.net\/wpfacplus\/presentation-2\/","title":{"rendered":"Pr\u00e9sentation"},"content":{"rendered":"\n<div class=\"wp-block-cover is-light ticss-7bd704da\"><span aria-hidden=\"true\" class=\"wp-block-cover__background has-background-dim\"><\/span><img loading=\"lazy\" decoding=\"async\" width=\"1556\" height=\"987\" class=\"wp-block-cover__image-background wp-image-46\" alt=\"\" src=\"http:\/\/www.pc73.net\/wpfacplus\/wp-content\/uploads\/2022\/11\/presentation_edited.jpg\" style=\"object-position:12% 54%\" data-object-fit=\"cover\" data-object-position=\"12% 54%\" srcset=\"http:\/\/www.pc73.net\/wpfacplus\/wp-content\/uploads\/2022\/11\/presentation_edited.jpg 1556w, http:\/\/www.pc73.net\/wpfacplus\/wp-content\/uploads\/2022\/11\/presentation_edited-300x190.jpg 300w, http:\/\/www.pc73.net\/wpfacplus\/wp-content\/uploads\/2022\/11\/presentation_edited-1024x650.jpg 1024w, http:\/\/www.pc73.net\/wpfacplus\/wp-content\/uploads\/2022\/11\/presentation_edited-768x487.jpg 768w, http:\/\/www.pc73.net\/wpfacplus\/wp-content\/uploads\/2022\/11\/presentation_edited-1536x974.jpg 1536w\" sizes=\"auto, (max-width: 1556px) 100vw, 1556px\" \/><div class=\"wp-block-cover__inner-container is-layout-constrained wp-block-cover-is-layout-constrained\">\n<p class=\"has-text-align-center has-large-font-size\"><\/p>\n<\/div><\/div>\n\n\n\n<div style=\"height:50px\" aria-hidden=\"true\" class=\"wp-block-spacer\"><\/div>\n\n\n\n<h1 class=\"wp-block-heading alignwide has-text-align-center animated backInLeft has-neve-link-hover-color-color has-text-color\">Pr\u00e9sentation<\/h1>\n\n\n\n<div id=\"wp-block-themeisle-blocks-advanced-columns-5290e5a3\" class=\"wp-block-themeisle-blocks-advanced-columns has-1-columns has-desktop-equal-layout has-tablet-equal-layout has-mobile-equal-layout has-vertical-unset\"><div class=\"wp-block-themeisle-blocks-advanced-columns-overlay\"><\/div><div class=\"innerblocks-wrap\">\n<div id=\"wp-block-themeisle-blocks-advanced-column-ac584ebf\" class=\"wp-block-themeisle-blocks-advanced-column ticss-ac584ebf\">\n<h2 class=\"wp-block-heading has-text-align-center\">Facplus en quelques mots&#8230;<\/h2>\n\n\n\n<p><strong>FAC+<\/strong>&nbsp;est une soci\u00e9t\u00e9 leader dans le domaine de la formation professionnelle en informatique, bureautique, multim\u00e9dia et langues. Nous avons r\u00e9uni depuis 2001 le meilleur de nos exp\u00e9riences et entreprises.<\/p>\n\n\n\n<p>Nous nous sommes implant\u00e9s en Savoie-Rh\u00f4ne-Alpes et nous d\u00e9veloppons par ailleurs notre activit\u00e9 sur l\u2019ensemble du territoire national.<\/p>\n\n\n\n<p>L&rsquo;\u00e9quipe&nbsp;<strong>FAC+<\/strong>&nbsp;s&rsquo;efforce de vous donner le meilleur d&rsquo;elle-m\u00eame dans les domaines suivants :&nbsp;<\/p>\n\n\n\n<ul class=\"has-nv-c-2-color has-text-color wp-block-list\">\n<li><strong>Formations informatique technique<\/strong><\/li>\n\n\n\n<li><strong>Formations bureautique utilisateur<\/strong><\/li>\n\n\n\n<li><strong>Formations PAO, 3D, Son, Vid\u00e9o &amp; Multim\u00e9dia<\/strong><\/li>\n\n\n\n<li><strong>Formations en Management (En projet)<\/strong><\/li>\n\n\n\n<li><strong>Formation langues \u00e9trang\u00e8res (Anglais, Allemand, Italien, Espagnol, Fran\u00e7ais Langue \u00c9trang\u00e8re, Arabe&#8230;)<\/strong><\/li>\n\n\n\n<li><strong>Formation en Fran\u00e7ais&nbsp;<\/strong><\/li>\n<\/ul>\n\n\n\n<p>La mission de <strong>FAC+<\/strong> est de r\u00e9unir technologie, cr\u00e9ativit\u00e9, et formateurs performants pour une approche sur mesure, facteurs cl\u00e9s de la r\u00e9ussite des diff\u00e9rents projets de nos clients. Nous r\u00e9alisons des formations sur mesure et enti\u00e8rement digitalis\u00e9es apr\u00e8s audit.<\/p>\n<\/div>\n<\/div><\/div>\n\n\n\n<div style=\"height:50px\" aria-hidden=\"true\" class=\"wp-block-spacer\"><\/div>\n\n\n\n<div class=\"wp-block-group alignfull has-background-color ticss-b6d689f7 has-neve-link-color-background-color has-background has-link-color has-medium-font-size wp-elements-144723183ce5420a6c5303a66ea4297c\" style=\"min-height:40vh;margin-top:0;margin-bottom:0;padding-top:var(--wp--preset--spacing--60);padding-right:var(--wp--preset--spacing--40);padding-bottom:var(--wp--preset--spacing--60);padding-left:var(--wp--preset--spacing--40)\"><div class=\"wp-block-group__inner-container is-layout-constrained wp-container-core-group-is-layout-27c39f3e wp-block-group-is-layout-constrained\">\n<div class=\"wp-block-columns alignwide has-small-font-size is-layout-flex wp-container-core-columns-is-layout-9d6595d7 wp-block-columns-is-layout-flex\">\n<div class=\"wp-block-column ticss-37c2d156 is-layout-flow wp-block-column-is-layout-flow\">\n<p class=\"has-text-align-center has-medium-font-size\">1969 route royale<\/p>\n\n\n\n<p class=\"has-text-align-center has-nv-site-bg-color has-text-color has-large-font-size\">FACPLUS<\/p>\n\n\n\n<p class=\"has-text-align-center has-medium-font-size\">73190 Challes les eaux<\/p>\n\n\n\n<p class=\"has-text-align-center has-nv-site-bg-color has-text-color has-medium-font-size\">Ouverture au public<\/p>\n\n\n\n<p class=\"has-text-align-center has-medium-font-size\">Lundi au vendredi : 9:00 &#8211; 12:00 et 14:00 &#8211; 18:00<\/p>\n\n\n\n<p class=\"has-text-align-center has-medium-font-size\">Lundi matin, vendredi am, samedi matin sur RDV<\/p>\n<\/div>\n\n\n\n<div class=\"wp-block-column ticss-ef63ceff is-layout-flow wp-block-column-is-layout-flow\"><nav class=\"has-text-color has-nv-site-bg-color has-medium-font-size items-justified-center is-vertical wp-block-navigation is-content-justification-center is-layout-flex wp-container-core-navigation-is-layout-9a7cdcfd wp-block-navigation-is-layout-flex\" aria-label=\"web-agency-gb-main-menu\"><ul class=\"wp-block-navigation__container has-text-color has-nv-site-bg-color has-medium-font-size items-justified-center is-vertical wp-block-navigation has-medium-font-size\"><li class=\"has-medium-font-size wp-block-navigation-item menu-item menu-item-type-post_type menu-item-object-page menu-item-home ticss-a9e52769 wp-block-navigation-link\"><a class=\"wp-block-navigation-item__content\"  href=\"http:\/\/www.pc73.net\/wpfacplus\/\" title=\"\"><span class=\"wp-block-navigation-item__label\">Accueil<\/span><\/a><\/li><li class=\"has-medium-font-size wp-block-navigation-item menu-item menu-item-type-post_type wp-block-navigation-link\"><a class=\"wp-block-navigation-item__content\"  href=\"http:\/\/www.pc73.net\/wpfacplus\/historique\/\" title=\"\"><span class=\"wp-block-navigation-item__label\">A propos de nous<\/span><\/a><\/li><li class=\"has-medium-font-size wp-block-navigation-item wp-block-navigation-link\"><a class=\"wp-block-navigation-item__content\"  href=\"https:\/\/goo.gl\/maps\/g7nTJkBkCCo\" target=\"_blank\"   title=\"\"><span class=\"wp-block-navigation-item__label\">Nous situer<\/span><span class=\"wp-block-navigation-item__description\">Situation g\u00e9ographique FACPLUS<\/span><\/a><\/li><li class=\"has-medium-font-size wp-block-navigation-item  menu-item menu-item-type-post_type menu-item-object-page wp-block-navigation-link\"><a class=\"wp-block-navigation-item__content\"  href=\"http:\/\/www.pc73.net\/wpfacplus\/contact\/\" title=\"\"><span class=\"wp-block-navigation-item__label\">Contactez nous<\/span><\/a><\/li><li class=\"wp-block-navigation-item\"><div class=\"is-default-size is-style-default wp-block-site-logo\"><a href=\"http:\/\/www.pc73.net\/wpfacplus\/\" class=\"custom-logo-link\" rel=\"home\"><img loading=\"lazy\" decoding=\"async\" width=\"367\" height=\"376\" src=\"http:\/\/www.pc73.net\/wpfacplus\/wp-content\/uploads\/2023\/09\/logo-fac1-min.png\" class=\"custom-logo\" alt=\"FacPlus\" srcset=\"http:\/\/www.pc73.net\/wpfacplus\/wp-content\/uploads\/2023\/09\/logo-fac1-min.png 367w, http:\/\/www.pc73.net\/wpfacplus\/wp-content\/uploads\/2023\/09\/logo-fac1-min-293x300.png 293w\" sizes=\"auto, (max-width: 367px) 100vw, 367px\" \/><\/a><\/div><\/li><\/ul><\/nav><\/div>\n\n\n\n<div class=\"wp-block-column is-layout-flow wp-block-column-is-layout-flow\">\n<p class=\"has-text-align-center has-medium-font-size\">Suivez-nous<\/p>\n\n\n\n<div class=\"wp-block-group is-vertical is-content-justification-center is-layout-flex wp-container-core-group-is-layout-bdd043ae wp-block-group-is-layout-flex\">\n<p class=\"has-medium-font-size\"><a href=\"https:\/\/www.facebook.com\/FACPLUS.FR\/\" target=\"_blank\" rel=\"noreferrer noopener\">Facebook<\/a><\/p>\n\n\n\n<p class=\"has-medium-font-size\"><a href=\"https:\/\/www.linkedin.com\/in\/fac-plus\/\" target=\"_blank\" rel=\"noreferrer noopener\">Linkedin<\/a><\/p>\n\n\n\n<p><\/p>\n<\/div>\n\n\n\n<div style=\"height:24px\" aria-hidden=\"true\" class=\"wp-block-spacer\"><\/div>\n<\/div>\n<\/div>\n\n\n\n<div class=\"wp-block-group alignwide is-content-justification-center is-layout-flex wp-container-core-group-is-layout-5590e8cb wp-block-group-is-layout-flex\">\n<p class=\"has-text-align-center has-small-font-size\"> D\u00e9velopp\u00e9 par <mark style=\"background-color:rgba(0, 0, 0, 0)\" class=\"has-inline-color has-nv-site-bg-color\">FACPLUS<\/mark><\/p>\n<\/div>\n<\/div><\/div>\n","protected":false},"excerpt":{"rendered":"<p>Pr\u00e9sentation 1969 route royale FACPLUS 73190 Challes les eaux Ouverture au public Lundi au vendredi : 9:00 &#8211; 12:00 et 14:00 &#8211; 18:00 Lundi matin, vendredi am, samedi matin sur RDV Suivez-nous Facebook Linkedin D\u00e9velopp\u00e9 par FACPLUS<\/p>\n","protected":false},"author":2,"featured_media":0,"parent":0,"menu_order":0,"comment_status":"closed","ping_status":"closed","template":"","meta":{"neve_meta_sidebar":"default","neve_meta_container":"full-width","neve_meta_enable_content_width":"","neve_meta_content_width":70,"neve_meta_title_alignment":"center","neve_meta_author_avatar":"","neve_post_elements_order":"","neve_meta_disable_header":"off","neve_meta_disable_footer":"on","neve_meta_disable_title":"on","neve_meta_reading_time":"","_themeisle_gutenberg_block_has_review":false,"_ti_tpc_template_sync":false,"_ti_tpc_template_id":"","footnotes":""},"class_list":["post-427","page","type-page","status-publish","hentry"],"_links":{"self":[{"href":"http:\/\/www.pc73.net\/wpfacplus\/wp-json\/wp\/v2\/pages\/427","targetHints":{"allow":["GET"]}}],"collection":[{"href":"http:\/\/www.pc73.net\/wpfacplus\/wp-json\/wp\/v2\/pages"}],"about":[{"href":"http:\/\/www.pc73.net\/wpfacplus\/wp-json\/wp\/v2\/types\/page"}],"author":[{"embeddable":true,"href":"http:\/\/www.pc73.net\/wpfacplus\/wp-json\/wp\/v2\/users\/2"}],"replies":[{"embeddable":true,"href":"http:\/\/www.pc73.net\/wpfacplus\/wp-json\/wp\/v2\/comments?post=427"}],"version-history":[{"count":26,"href":"http:\/\/www.pc73.net\/wpfacplus\/wp-json\/wp\/v2\/pages\/427\/revisions"}],"predecessor-version":[{"id":1999,"href":"http:\/\/www.pc73.net\/wpfacplus\/wp-json\/wp\/v2\/pages\/427\/revisions\/1999"}],"wp:attachment":[{"href":"http:\/\/www.pc73.net\/wpfacplus\/wp-json\/wp\/v2\/media?parent=427"}],"curies":[{"name":"wp","href":"https:\/\/api.w.org\/{rel}","templated":true}]}}