{"id":655,"date":"2023-08-25T15:08:05","date_gmt":"2023-08-25T13:08:05","guid":{"rendered":"http:\/\/www.pc73.net\/wpfacplus\/?page_id=655"},"modified":"2023-09-25T14:56:58","modified_gmt":"2023-09-25T12:56:58","slug":"charte-deontologie","status":"publish","type":"page","link":"http:\/\/www.pc73.net\/wpfacplus\/charte-deontologie\/","title":{"rendered":"Charte d\u00e9ontologie"},"content":{"rendered":"\n<div class=\"wp-block-cover ticss-e153e804\"><span aria-hidden=\"true\" class=\"wp-block-cover__background has-background-dim\"><\/span><img loading=\"lazy\" decoding=\"async\" width=\"863\" height=\"411\" class=\"wp-block-cover__image-background wp-image-78\" alt=\"\" src=\"http:\/\/www.pc73.net\/wpfacplus\/wp-content\/uploads\/2022\/11\/droitform-min.png\" style=\"object-position:3% 41%\" data-object-fit=\"cover\" data-object-position=\"3% 41%\" srcset=\"http:\/\/www.pc73.net\/wpfacplus\/wp-content\/uploads\/2022\/11\/droitform-min.png 863w, http:\/\/www.pc73.net\/wpfacplus\/wp-content\/uploads\/2022\/11\/droitform-min-300x143.png 300w, http:\/\/www.pc73.net\/wpfacplus\/wp-content\/uploads\/2022\/11\/droitform-min-768x366.png 768w\" sizes=\"auto, (max-width: 863px) 100vw, 863px\" \/><div class=\"wp-block-cover__inner-container is-layout-constrained wp-block-cover-is-layout-constrained\">\n<p class=\"has-text-align-center ticss-eff4defd\" style=\"font-size:60px\"><\/p>\n<\/div><\/div>\n\n\n\n<div style=\"height:46px\" aria-hidden=\"true\" class=\"wp-block-spacer\"><\/div>\n\n\n\n<h1 class=\"wp-block-heading has-text-align-center animated backInLeft has-neve-link-color-color has-text-color\">Charte de d\u00e9ontologie<\/h1>\n\n\n\n<div id=\"wp-block-themeisle-blocks-advanced-columns-0daa5ce5\" class=\"wp-block-themeisle-blocks-advanced-columns has-1-columns has-desktop-equal-layout has-tablet-equal-layout has-mobile-equal-layout has-vertical-unset\"><div class=\"wp-block-themeisle-blocks-advanced-columns-overlay\"><\/div><div class=\"innerblocks-wrap\">\n<div id=\"wp-block-themeisle-blocks-advanced-column-c04e9231\" class=\"wp-block-themeisle-blocks-advanced-column ticss-c04e9231\">\n<p class=\"has-text-align-left\">Dans le cadre de la vente de prestations \u00e9ligibles au compte personnel de formation (CPF), les organismes de formation s&rsquo;engagent \u00e0 respecter les 10 engagements suivants :<\/p>\n\n\n\n<h3 class=\"wp-block-heading has-text-align-center has-neve-link-color-color has-text-color\"> Qualiopi<\/h3>\n\n\n\n<p class=\"has-text-align-left\">Condition pr\u00e9alable \u00e0 la promotion et \u00e0 la vente de prestations \u00e9ligibles au CPF depuis le 1er janvier 2022, <strong>FAC+<\/strong> est titulaire de la certification QUALIOPI<\/p>\n\n\n\n<h3 class=\"wp-block-heading has-text-align-center has-neve-link-color-color has-text-color\">&nbsp;Certifications professionnelles<\/h3>\n\n\n\n<p class=\"has-text-align-left\"><strong>FAC+<\/strong> a sign\u00e9 un contrat de partenariat avec les organismes certificateurs concernant les formations certifiantes de son catalogue CPF. Notre organisme met tout en \u0153uvre pour que l&rsquo;apprenant ayant suivi une formation certifiante soit en mesure de passer sa certification<\/p>\n\n\n\n<h3 class=\"wp-block-heading has-text-align-center has-neve-link-color-color has-text-color\">Loyaut\u00e9<\/h3>\n\n\n\n<p>FAC+ pr\u00e9sente son offre avec loyaut\u00e9, quel que soit le support de communication<\/p>\n\n\n\n<p>Les formations ne sont pas gratuites, mais prises en charge par le CPF du titulaire et \u00e9ventuellement un abondement suppl\u00e9mentaire (entreprise, P\u00f4le-Emploi ou autres).<\/p>\n\n\n\n<p>Les droits CPF sont acquis jusqu&rsquo;\u00e0 la retraite du titulaire et ne disparaitront pas \u00e0 la fin du mois.<\/p>\n\n\n\n<h3 class=\"wp-block-heading has-text-align-center has-neve-link-color-color has-text-color\"> Sous traitance<\/h3>\n\n\n\n<p class=\"has-text-align-left\"><strong>FAC+<\/strong> maitrise le recours \u00e0 la sous-traitance et en est le garant. Notre organisme de formation s&rsquo;interdit, ainsi qu&rsquo;\u00e0 nos partenaires, toute pratique agressive ou trompeuse de d\u00e9marchage commercial<\/p>\n\n\n\n<h3 class=\"wp-block-heading has-text-align-center has-neve-link-color-color has-text-color\" id=\"CPF\">&nbsp;Identifiants de connexion au compte <mark style=\"background-color:rgba(0, 0, 0, 0)\" class=\"has-inline-color has-neve-text-color-color\"><a href=\"http:\/\/www.pc73.net\/wpfacplus\/popup\/\" data-type=\"page\" data-id=\"724\">CPF<\/a><\/mark><\/h3>\n\n\n\n<p>T\u00e9l\u00e9charger la charte compl\u00e8te<\/p>\n\n\n\n<p>Une initiative de la f\u00e9d\u00e9ration des acteurs de la comp\u00e9tence.<\/p>\n\n\n\n<p>T\u00e9l\u00e9charger la Charte compl\u00e8te<\/p>\n\n\n\n<p>FAC+ s&rsquo;interdit d&rsquo;usurper les identifiants d&rsquo;un tiers pour utiliser son compte.<\/p>\n\n\n\n<p>Le titulaire ne doit jamais communiquer ses identifiants \u00e0 son compte <mark style=\"background-color:rgba(0, 0, 0, 0)\" class=\"has-inline-color has-neve-link-color-color\">CPF<\/mark> et encore moins \u00e0 <strong><mark style=\"background-color:rgba(0, 0, 0, 0)\" class=\"has-inline-color has-neve-link-color-color\">France Connect<\/mark><\/strong><\/p>\n\n\n\n<h3 class=\"wp-block-heading has-text-align-center has-neve-link-color-color has-text-color\">&nbsp;Frais pris en charge<\/h3>\n\n\n\n<p class=\"has-text-align-left\"><strong>FAC+<\/strong> informe au pr\u00e9alable des frais pris en charge par le compte personnel de formation ainsi que d&rsquo;\u00e9ventuels frais additionnels<\/p>\n\n\n\n<h3 class=\"wp-block-heading has-text-align-center has-neve-link-color-color has-text-color\">&nbsp;Recherche des offres<\/h3>\n\n\n\n<p class=\"has-text-align-left\"><strong>FAC+<\/strong> s&rsquo;engage \u00e0 ne pas dupliquer ses offres sur le catalogue Mon Compte Formation dans le seul but d&rsquo;optimiser son positionnement dans le moteur de recherche<\/p>\n\n\n\n<h3 class=\"wp-block-heading has-text-align-center has-neve-link-color-color has-text-color\">Evaluations<\/h3>\n\n\n\n<p class=\"has-text-align-left\"><strong>FAC+<\/strong> pr\u00e9voit des modalit\u00e9s d&rsquo;\u00e9valuation en amont de la formation pour adapter la prestation aux besoins du titulaire<\/p>\n\n\n\n<h3 class=\"wp-block-heading has-text-align-center has-neve-link-color-color has-text-color\">&nbsp;Assistance et information<\/h3>\n\n\n\n<p class=\"has-nv-c-2-color has-text-color\">Dans le cadre d&rsquo;une formation tout ou partie \u00e0 distance, FAC+ pr\u00e9voit :<\/p>\n\n\n\n<ul class=\"has-nv-c-2-color has-text-color wp-block-list\">\n<li>Une assistance technique et p\u00e9dagogique approprier pour accompagner le b\u00e9n\u00e9ficiaire dans le d\u00e9roulement de son parcours.<\/li>\n\n\n\n<li>Une information du titulaire sur les activit\u00e9s p\u00e9dagogiques \u00e0 effectuer \u00e0 distance et leur dur\u00e9e moyenne.<\/li>\n\n\n\n<li>Des \u00e9valuations qui jalonnent ou concluent l&rsquo;action de formation.<\/li>\n<\/ul>\n\n\n\n<h3 class=\"wp-block-heading has-text-align-center has-neve-link-color-color has-text-color\">&nbsp;Recours et m\u00e9diation<\/h3>\n\n\n\n<p class=\"has-text-align-left\">En cas de litige, <strong>FAC+<\/strong> propose \u00e0 tout client consommateur, le recours amiable et gratuit au service de la m\u00e9diation de la consommation<\/p>\n\n\n\n<div class=\"wp-block-media-text is-stacked-on-mobile is-vertically-aligned-center\" style=\"grid-template-columns:15% auto\"><figure class=\"wp-block-media-text__media\"><img loading=\"lazy\" decoding=\"async\" width=\"151\" height=\"69\" src=\"http:\/\/www.pc73.net\/wpfacplus\/wp-content\/uploads\/2023\/08\/lesacteursdelacompetence.png\" alt=\"\" class=\"wp-image-748 size-full\"\/><\/figure><div class=\"wp-block-media-text__content\">\n<div class=\"wp-block-group\"><div class=\"wp-block-group__inner-container is-layout-constrained wp-block-group-is-layout-constrained\">\n<h3 class=\"wp-block-heading\">T\u00e9l\u00e9charger la charte compl\u00e8te au format PDF<\/h3>\n<\/div><\/div>\n\n\n\n<div class=\"wp-block-file\"><a id=\"wp-block-file--media-15f4cb01-9194-4404-ad0f-b8c6baf15d7b\" href=\"http:\/\/www.pc73.net\/wpfacplus\/wp-content\/uploads\/2023\/08\/Charte-CPF_ACT_oct21.pdf\">Une initiative de la f\u00e9d\u00e9ration des acteurs de la comp\u00e9tence<\/a><a href=\"http:\/\/www.pc73.net\/wpfacplus\/wp-content\/uploads\/2023\/08\/Charte-CPF_ACT_oct21.pdf\" class=\"wp-block-file__button wp-element-button\" download aria-describedby=\"wp-block-file--media-15f4cb01-9194-4404-ad0f-b8c6baf15d7b\">T\u00e9l\u00e9charger<\/a><\/div>\n<\/div><\/div>\n<\/div>\n<\/div><\/div>\n\n\n\n<div style=\"height:50px\" aria-hidden=\"true\" class=\"wp-block-spacer\"><\/div>\n\n\n\n<div class=\"wp-block-group alignfull has-background-color ticss-b6d689f7 has-neve-link-color-background-color has-background has-link-color has-medium-font-size wp-elements-144723183ce5420a6c5303a66ea4297c\" style=\"min-height:40vh;margin-top:0;margin-bottom:0;padding-top:var(--wp--preset--spacing--60);padding-right:var(--wp--preset--spacing--40);padding-bottom:var(--wp--preset--spacing--60);padding-left:var(--wp--preset--spacing--40)\"><div class=\"wp-block-group__inner-container is-layout-constrained wp-container-core-group-is-layout-27c39f3e wp-block-group-is-layout-constrained\">\n<div class=\"wp-block-columns alignwide has-small-font-size is-layout-flex wp-container-core-columns-is-layout-9d6595d7 wp-block-columns-is-layout-flex\">\n<div class=\"wp-block-column ticss-37c2d156 is-layout-flow wp-block-column-is-layout-flow\">\n<p class=\"has-text-align-center has-medium-font-size\">1969 route royale<\/p>\n\n\n\n<p class=\"has-text-align-center has-nv-site-bg-color has-text-color has-large-font-size\">FACPLUS<\/p>\n\n\n\n<p class=\"has-text-align-center has-medium-font-size\">73190 Challes les eaux<\/p>\n\n\n\n<p class=\"has-text-align-center has-nv-site-bg-color has-text-color has-medium-font-size\">Ouverture au public<\/p>\n\n\n\n<p class=\"has-text-align-center has-medium-font-size\">Lundi au vendredi : 9:00 &#8211; 12:00 et 14:00 &#8211; 18:00<\/p>\n\n\n\n<p class=\"has-text-align-center has-medium-font-size\">Lundi matin, vendredi am, samedi matin sur RDV<\/p>\n<\/div>\n\n\n\n<div class=\"wp-block-column ticss-ef63ceff is-layout-flow wp-block-column-is-layout-flow\"><nav class=\"has-text-color has-nv-site-bg-color has-medium-font-size items-justified-center is-vertical wp-block-navigation is-content-justification-center is-layout-flex wp-container-core-navigation-is-layout-9a7cdcfd wp-block-navigation-is-layout-flex\" aria-label=\"web-agency-gb-main-menu\"><ul class=\"wp-block-navigation__container has-text-color has-nv-site-bg-color has-medium-font-size items-justified-center is-vertical wp-block-navigation has-medium-font-size\"><li class=\"has-medium-font-size wp-block-navigation-item menu-item menu-item-type-post_type menu-item-object-page menu-item-home ticss-a9e52769 wp-block-navigation-link\"><a class=\"wp-block-navigation-item__content\"  href=\"http:\/\/www.pc73.net\/wpfacplus\/\" title=\"\"><span class=\"wp-block-navigation-item__label\">Accueil<\/span><\/a><\/li><li class=\"has-medium-font-size wp-block-navigation-item menu-item menu-item-type-post_type wp-block-navigation-link\"><a class=\"wp-block-navigation-item__content\"  href=\"http:\/\/www.pc73.net\/wpfacplus\/historique\/\" title=\"\"><span class=\"wp-block-navigation-item__label\">A propos de nous<\/span><\/a><\/li><li class=\"has-medium-font-size wp-block-navigation-item wp-block-navigation-link\"><a class=\"wp-block-navigation-item__content\"  href=\"https:\/\/goo.gl\/maps\/g7nTJkBkCCo\" target=\"_blank\"   title=\"\"><span class=\"wp-block-navigation-item__label\">Nous situer<\/span><span class=\"wp-block-navigation-item__description\">Situation g\u00e9ographique FACPLUS<\/span><\/a><\/li><li class=\"has-medium-font-size wp-block-navigation-item  menu-item menu-item-type-post_type menu-item-object-page wp-block-navigation-link\"><a class=\"wp-block-navigation-item__content\"  href=\"http:\/\/www.pc73.net\/wpfacplus\/contact\/\" title=\"\"><span class=\"wp-block-navigation-item__label\">Contactez nous<\/span><\/a><\/li><li class=\"wp-block-navigation-item\"><div class=\"is-default-size is-style-default wp-block-site-logo\"><a href=\"http:\/\/www.pc73.net\/wpfacplus\/\" class=\"custom-logo-link\" rel=\"home\"><img loading=\"lazy\" decoding=\"async\" width=\"367\" height=\"376\" src=\"http:\/\/www.pc73.net\/wpfacplus\/wp-content\/uploads\/2023\/09\/logo-fac1-min.png\" class=\"custom-logo\" alt=\"FacPlus\" srcset=\"http:\/\/www.pc73.net\/wpfacplus\/wp-content\/uploads\/2023\/09\/logo-fac1-min.png 367w, http:\/\/www.pc73.net\/wpfacplus\/wp-content\/uploads\/2023\/09\/logo-fac1-min-293x300.png 293w\" sizes=\"auto, (max-width: 367px) 100vw, 367px\" \/><\/a><\/div><\/li><\/ul><\/nav><\/div>\n\n\n\n<div class=\"wp-block-column is-layout-flow wp-block-column-is-layout-flow\">\n<p class=\"has-text-align-center has-medium-font-size\">Suivez-nous<\/p>\n\n\n\n<div class=\"wp-block-group is-vertical is-content-justification-center is-layout-flex wp-container-core-group-is-layout-bdd043ae wp-block-group-is-layout-flex\">\n<p class=\"has-medium-font-size\"><a href=\"https:\/\/www.facebook.com\/FACPLUS.FR\/\" target=\"_blank\" rel=\"noreferrer noopener\">Facebook<\/a><\/p>\n\n\n\n<p class=\"has-medium-font-size\"><a href=\"https:\/\/www.linkedin.com\/in\/fac-plus\/\" target=\"_blank\" rel=\"noreferrer noopener\">Linkedin<\/a><\/p>\n\n\n\n<p><\/p>\n<\/div>\n\n\n\n<div style=\"height:24px\" aria-hidden=\"true\" class=\"wp-block-spacer\"><\/div>\n<\/div>\n<\/div>\n\n\n\n<div class=\"wp-block-group alignwide is-content-justification-center is-layout-flex wp-container-core-group-is-layout-5590e8cb wp-block-group-is-layout-flex\">\n<p class=\"has-text-align-center has-small-font-size\"> D\u00e9velopp\u00e9 par <mark style=\"background-color:rgba(0, 0, 0, 0)\" class=\"has-inline-color has-nv-site-bg-color\">FACPLUS<\/mark><\/p>\n<\/div>\n<\/div><\/div>\n","protected":false},"excerpt":{"rendered":"<p>Charte de d\u00e9ontologie 1969 route royale FACPLUS 73190 Challes les eaux Ouverture au public Lundi au vendredi : 9:00 &#8211; 12:00 et 14:00 &#8211; 18:00 Lundi matin, vendredi am, samedi matin sur RDV Suivez-nous Facebook Linkedin D\u00e9velopp\u00e9 par FACPLUS<\/p>\n","protected":false},"author":2,"featured_media":0,"parent":0,"menu_order":0,"comment_status":"closed","ping_status":"closed","template":"","meta":{"neve_meta_sidebar":"","neve_meta_container":"full-width","neve_meta_enable_content_width":"","neve_meta_content_width":0,"neve_meta_title_alignment":"","neve_meta_author_avatar":"","neve_post_elements_order":"","neve_meta_disable_header":"","neve_meta_disable_footer":"on","neve_meta_disable_title":"on","neve_meta_reading_time":"","_themeisle_gutenberg_block_has_review":false,"_ti_tpc_template_sync":false,"_ti_tpc_template_id":"","footnotes":""},"class_list":["post-655","page","type-page","status-publish","hentry"],"_links":{"self":[{"href":"http:\/\/www.pc73.net\/wpfacplus\/wp-json\/wp\/v2\/pages\/655","targetHints":{"allow":["GET"]}}],"collection":[{"href":"http:\/\/www.pc73.net\/wpfacplus\/wp-json\/wp\/v2\/pages"}],"about":[{"href":"http:\/\/www.pc73.net\/wpfacplus\/wp-json\/wp\/v2\/types\/page"}],"author":[{"embeddable":true,"href":"http:\/\/www.pc73.net\/wpfacplus\/wp-json\/wp\/v2\/users\/2"}],"replies":[{"embeddable":true,"href":"http:\/\/www.pc73.net\/wpfacplus\/wp-json\/wp\/v2\/comments?post=655"}],"version-history":[{"count":52,"href":"http:\/\/www.pc73.net\/wpfacplus\/wp-json\/wp\/v2\/pages\/655\/revisions"}],"predecessor-version":[{"id":2000,"href":"http:\/\/www.pc73.net\/wpfacplus\/wp-json\/wp\/v2\/pages\/655\/revisions\/2000"}],"wp:attachment":[{"href":"http:\/\/www.pc73.net\/wpfacplus\/wp-json\/wp\/v2\/media?parent=655"}],"curies":[{"name":"wp","href":"https:\/\/api.w.org\/{rel}","templated":true}]}}