{"id":875,"date":"2023-08-28T16:58:44","date_gmt":"2023-08-28T14:58:44","guid":{"rendered":"http:\/\/www.pc73.net\/wpfacplus\/?page_id=875"},"modified":"2023-09-25T15:26:39","modified_gmt":"2023-09-25T13:26:39","slug":"handicap","status":"publish","type":"page","link":"http:\/\/www.pc73.net\/wpfacplus\/handicap\/","title":{"rendered":"Handicap"},"content":{"rendered":"\n<div class=\"wp-block-cover is-light ticss-8aaf65b2\"><span aria-hidden=\"true\" class=\"wp-block-cover__background has-background-dim\"><\/span><img loading=\"lazy\" decoding=\"async\" width=\"1008\" height=\"672\" class=\"wp-block-cover__image-background wp-image-879\" alt=\"\" src=\"http:\/\/www.pc73.net\/wpfacplus\/wp-content\/uploads\/2023\/08\/handi-min.jpg\" data-object-fit=\"cover\" srcset=\"http:\/\/www.pc73.net\/wpfacplus\/wp-content\/uploads\/2023\/08\/handi-min.jpg 1008w, http:\/\/www.pc73.net\/wpfacplus\/wp-content\/uploads\/2023\/08\/handi-min-300x200.jpg 300w, http:\/\/www.pc73.net\/wpfacplus\/wp-content\/uploads\/2023\/08\/handi-min-768x512.jpg 768w, http:\/\/www.pc73.net\/wpfacplus\/wp-content\/uploads\/2023\/08\/handi-min-930x620.jpg 930w\" sizes=\"auto, (max-width: 1008px) 100vw, 1008px\" \/><div class=\"wp-block-cover__inner-container is-layout-constrained wp-block-cover-is-layout-constrained\">\n<p class=\"has-text-align-center has-nv-site-bg-color has-text-color\" style=\"font-size:60px\"><\/p>\n<\/div><\/div>\n\n\n\n<div style=\"height:50px\" aria-hidden=\"true\" class=\"wp-block-spacer\"><\/div>\n\n\n\n<h1 class=\"wp-block-heading has-text-align-center\">Le Handicap ?<\/h1>\n\n\n\n<h2 class=\"wp-block-heading has-text-align-center has-neve-link-color-color has-text-color\">Une offre de formation ouverte \u00e0 tous<\/h2>\n\n\n\n<div id=\"wp-block-themeisle-blocks-advanced-columns-66a69cde\" class=\"wp-block-themeisle-blocks-advanced-columns alignfull has-1-columns has-desktop-equal-layout has-tablet-equal-layout has-mobile-equal-layout has-vertical-unset\"><div class=\"wp-block-themeisle-blocks-advanced-columns-overlay\"><\/div><div class=\"innerblocks-wrap\">\n<article id=\"wp-block-themeisle-blocks-advanced-column-1f07fde2\" class=\"wp-block-themeisle-blocks-advanced-column ticss-57198da4\">\n<p class=\"has-text-align-left\">Bien que nous nous soyons toujours adapt\u00e9s \u00e0 la situation de chacun \u2013 handicap ou non, reconnu ou non \u2013 via la d\u00e9marche <mark style=\"background-color:rgba(0, 0, 0, 0)\" class=\"has-inline-color has-neve-link-color-color\"><strong><em>QUALIOPI<\/em><\/strong>,<\/mark> nous avons approfondi notre approche de l\u2019accueil d\u2019une personne en situation de handicap et appris \u00e0 mieux nous pr\u00e9parer.&nbsp;<br>Chez FAC+, vous \u00eates pris en charge \u00e0 votre niveau de comp\u00e9tences actuel et nous mettons notre maximum en \u0153uvre pour vous faire progresser dans votre apprentissage.&nbsp;<br>Le degr\u00e9 de progression sera diff\u00e9rent selon chacun, mais l\u2019essentiel est de repartir avec des acquis qui resteront dans le temps.<\/p>\n\n\n\n<h2 class=\"wp-block-heading has-text-align-center has-neve-link-color-color has-text-color\">Acc\u00e8s \u00e0 FACPLUS<\/h2>\n\n\n\n<p class=\"has-text-align-left\">Nos locaux sont actuellement situ\u00e9s \u00e0 un \u00e9tage accessible uniquement par un escalier.<br>Toutefois, nous pouvons louer, \u00e0 la demande, une salle accessible de plein pied (ou acc\u00e8s ascenseur) pour vous recevoir en rendez-vous ou pour organiser une session de formation. Il suffira d\u2019en faire la demande lors de nos \u00e9changes t\u00e9l\u00e9phoniques.<br>Les cours ou les rendez-vous administratifs peuvent \u00e9galement se r\u00e9aliser en distanciel via un logiciel de visioconf\u00e9rence tr\u00e8s facile d\u2019acc\u00e8s.<\/p>\n\n\n\n<h3 class=\"wp-block-heading has-text-align-left\">La pause repas<\/h3>\n\n\n\n<p class=\"has-text-align-left\">Plusieurs lieux de restauration sont accessibles aux alentours. Nous pouvons r\u00e9server votre table \u00e0 la demande.&nbsp;<br>Vous pouvez \u00e9galement profiter de notre r\u00e9frig\u00e9rateur et micro-ondes et apporter votre encas.<br>(Acc\u00e8s PMR : nous faire savoir si cette solution est n\u00e9cessaire pour vous)<\/p>\n\n\n\n<h3 class=\"wp-block-heading has-text-align-left\">H\u00e9bergement<\/h3>\n\n\n\n<p class=\"has-text-align-left\">Nous pouvons vous accompagner \u00e0 organiser votre s\u00e9jour en r\u00e9servant un h\u00f4tel \u00e0 proximit\u00e9 du centre de formation.<\/p>\n\n\n\n<h2 class=\"wp-block-heading has-text-align-center has-neve-link-color-color has-text-color\">Acc\u00e8s \u00e0 la formation<\/h2>\n\n\n\n<p class=\"has-text-align-left\">FAC+ s\u2019engage \u00e0 favoriser l\u2019\u00e9galit\u00e9 des chances.<br>N\u2019h\u00e9sitez pas \u00e0 signaler un besoin particulier, nous rechercherons ensemble des solutions adapt\u00e9es \u00e0 vos besoins, que ce soit de mani\u00e8re individuelle ou collective. Pour ce faire, nous sommes en lien avec <mark style=\"background-color:rgba(0, 0, 0, 0)\" class=\"has-inline-color has-neve-link-color-color\">l\u2019AGEFIPH<\/mark> et d\u2019autres associations pour nous accompagner \u00e0 trouver des solutions.<\/p>\n\n\n\n<h3 class=\"wp-block-heading has-text-align-left\">Instruction de votre dossier<\/h3>\n\n\n\n<p class=\"has-text-align-left\">Lors de notre premier contact, nous prendrons le soin de vous demander si vous avez besoin d\u2019une adaptation particuli\u00e8re pour acc\u00e9der \u00e0 la formation ainsi que pour le passage de l\u2019examen.<br>Il est essentiel que vous puissiez nous expliquer quelles dispositions seraient n\u00e9cessaires \u00e0 mettre en place. Nous pourrons ainsi \u00e9tudier la faisabilit\u00e9 du meilleur accompagnement possible.<\/p>\n\n\n\n<h3 class=\"wp-block-heading has-text-align-left\">Pendant la formation<\/h3>\n\n\n\n<h4 class=\"wp-block-heading has-text-align-left\">Cours pr\u00e9sentiel \/ distanciel<\/h4>\n\n\n\n<p class=\"has-text-align-left\">La mise en place des dispositions est possible. Parfait ! Vous avez pu commencer votre formation.&nbsp;<br>Nous veillerons \u00e0 ce que chaque membre de l\u2019\u00e9quipe FAC PLUS soit tenu inform\u00e9 des mesures \u00e0 tenir afin de poursuivre l\u2019accompagnement dans votre apprentissage.<\/p>\n<\/article>\n<\/div><\/div>\n\n\n\n<div id=\"wp-block-themeisle-blocks-advanced-columns-2fea912e\" class=\"wp-block-themeisle-blocks-advanced-columns alignfull has-1-columns has-desktop-equal-layout has-tablet-equal-layout has-mobile-equal-layout has-vertical-unset\"><div class=\"wp-block-themeisle-blocks-advanced-columns-overlay\"><\/div><div class=\"innerblocks-wrap\">\n<article id=\"wp-block-themeisle-blocks-advanced-column-5c4b1863\" class=\"wp-block-themeisle-blocks-advanced-column ticss-d08dd021\">\n<h4 class=\"wp-block-heading has-text-align-left\">Plateforme E-learning &#8211; Informatique et logiciel<\/h4>\n\n\n\n<p class=\"has-text-align-left has-neve-link-color-color has-text-color\">Nos vid\u00e9os de cours sont en cours de refonte et nous int\u00e9grons au fur et \u00e0 mesure :&nbsp;<\/p>\n\n\n\n<ul class=\"has-nv-c-2-color has-text-color wp-block-list\">\n<li>Le sous-titrage de l\u2019audio<\/li>\n\n\n\n<li>Des <mark style=\"background-color:rgba(0, 0, 0, 0)\" class=\"has-inline-color has-nv-dark-bg-color\"><strong>quizz<\/strong><\/mark> pour v\u00e9rifier que vous avez tout compris<\/li>\n\n\n\n<li>Des fiches techniques m\u00e9mo qui r\u00e9capitulent les points importants<\/li>\n\n\n\n<li>Des exercices applicatifs pour valider vos acquis<\/li>\n\n\n\n<li>Des corrections d\u2019exercice en vid\u00e9o (sous-titr\u00e9e), en fiche explicative ou en direct en cours pr\u00e9sentiel ou distanciel<\/li>\n<\/ul>\n\n\n\n<p>Un espace commentaire est disponible sur chaque vid\u00e9o pour poser vos questions ou donner votre avis par \u00e9crit. Une adresse email et un num\u00e9ro de t\u00e9l\u00e9phone sont \u00e9galement disponibles.<br>Vous pouvez faire et refaire les m\u00eames cours et exercices jusqu\u2019\u00e0 comprendre et vous impr\u00e9gner de vos nouveaux acquis.<br>Nous pouvons vous faire une d\u00e9monstration pour v\u00e9rifier que la plateforme soit adapt\u00e9e \u00e0 votre situation.<\/p>\n\n\n\n<h4 class=\"wp-block-heading\">Certification<\/h4>\n\n\n\n<p>La plupart de nos certifications pr\u00e9voit un temps suppl\u00e9mentaire pour la r\u00e9alisation de l\u2019examen. Il faut pour cela en faire la demande en d\u00e9but de formation.<\/p>\n\n\n\n<div class=\"wp-block-group\"><div class=\"wp-block-group__inner-container is-layout-constrained wp-block-group-is-layout-constrained\">\n<div class=\"wp-block-group has-nv-light-bg-background-color has-background\"><div class=\"wp-block-group__inner-container is-layout-constrained wp-block-group-is-layout-constrained\">\n<h4 class=\"wp-block-heading has-text-align-center has-nv-light-bg-background-color has-background\">R\u00e9f\u00e9rent Handicap chez FAC+<\/h4>\n\n\n\n<div class=\"wp-block-group has-nv-light-bg-background-color has-background\"><div class=\"wp-block-group__inner-container is-layout-constrained wp-block-group-is-layout-constrained\">\n<p class=\"has-text-align-center has-nv-light-bg-background-color has-background\">Pour toutes questions ou demande d\u2019am\u00e9nagement, vous pouvez contacter&nbsp;: <\/p>\n\n\n\n<p class=\"has-text-align-center has-nv-light-bg-background-color has-background\"><strong>V\u00e9ronique CASTAYBERT<\/strong> (Directrice administrative et p\u00e9dagogique)<br>direction@facplus.fr&nbsp;\u2013 <mark style=\"background-color:rgba(0, 0, 0, 0)\" class=\"has-inline-color has-neve-link-color-color\">07 63 71 61 33<\/mark><\/p>\n<\/div><\/div>\n<\/div><\/div>\n<\/div><\/div>\n\n\n\n<h3 class=\"wp-block-heading has-text-align-left\">Ressource handicap formation (<mark style=\"background-color:rgba(0, 0, 0, 0)\" class=\"has-inline-color has-neve-link-color-color\"><strong><em>RHF<\/em><\/strong><\/mark>)<\/h3>\n\n\n\n<p>Ce nouveau service a \u00e9t\u00e9 cr\u00e9\u00e9 pour permettre aux personnes en situation de handicap d\u2019acc\u00e9der aux formations de \u00ab droit commun \u00bb en prenant mieux en compte le handicap. Il propose un appui pour :<\/p>\n\n\n\n<ul class=\"has-nv-c-2-color has-text-color wp-block-list\">\n<li>Co-construire des solutions d\u2019am\u00e9nagement des parcours de formation, appui au diagnostic des besoins, recherche de solutions de compensation, s\u00e9curisation de l\u2019ensemble du parcours de formation\u2026 par la mobilisation et la mise en lien d\u2019expertises crois\u00e9es (personne en situation de handicap, organisme de formation, r\u00e9f\u00e9rent de parcours, sp\u00e9cialiste du handicap, employeur\u2026).<\/li>\n\n\n\n<li>Accompagner les acteurs de la formation \u00e0 mieux r\u00e9pondre \u00e0 leurs obligations en termes d\u2019accessibilit\u00e9 et de compensation du handicap, capitalisation des pratiques, des ressources existantes sur les territoires, animation, sensibilisation, professionnalisation, mobilisation des partenaires financeurs et des op\u00e9rateurs de formation.<\/li>\n<\/ul>\n\n\n\n<h3 class=\"wp-block-heading\">Prestation d&rsquo;appuis sp\u00e9cifiques<\/h3>\n\n\n\n<p>Cette prestation a pour objectif d\u2019apporter un appui expert au conseiller \u00e0 l\u2019emploi r\u00e9f\u00e9rent de parcours permettant d\u2019identifier pr\u00e9cis\u00e9ment les cons\u00e9quences du handicap au regard du projet professionnel de la personne et les moyens de le compenser.<\/p>\n\n\n\n<p><a href=\"https:\/\/www.agefiph.fr\/aides-handicap\/prestations-dappuis-specifiques\" data-type=\"link\" data-id=\"https:\/\/www.agefiph.fr\/aides-handicap\/prestations-dappuis-specifiques\" target=\"_blank\" rel=\"noreferrer noopener\">En savoir<\/a> plus sur les prestations-d&rsquo;appuis-sp\u00e9cifiques<\/p>\n\n\n\n<h3 class=\"wp-block-heading\">Aides possible en lien avec l&rsquo;AGEFIPH<\/h3>\n\n\n\n<p>L\u2019Agefiph peut financer les surco\u00fbts induits par les am\u00e9nagements r\u00e9alis\u00e9s en stricte compensation du handicap.<br>Des aides de ce type (liste non exhaustive) peuvent \u00eatre mises en place :<\/p>\n\n\n\n<ul class=\"has-nv-c-2-color has-text-color wp-block-list\">\n<li>D\u00e9doublement des cours<\/li>\n\n\n\n<li>Logiciels de dict\u00e9e vocale<\/li>\n\n\n\n<li>\u00c9cran de grande taille<\/li>\n\n\n\n<li>T\u00e9l\u00e9 agrandisseur<\/li>\n\n\n\n<li>Plage braille<\/li>\n\n\n\n<li>Syst\u00e8me de transcription \u00e9crite de la parole<\/li>\n\n\n\n<li>Aide \u00e0 la prise de note<\/li>\n\n\n\n<li>Aide aux d\u00e9placements<\/li>\n\n\n\n<li>Appareillage externe<\/li>\n<\/ul>\n\n\n\n<p>Selon l\u2019aide \u00e0 mettre en place, la demande doit \u00eatre initi\u00e9e par le centre de formation ou le b\u00e9n\u00e9ficiaire. N\u2019h\u00e9sitez pas \u00e0 nous contacter pour toute demande d\u2019accompagnement.<\/p>\n\n\n\n<p class=\"has-text-align-center\"><a href=\"https:\/\/www.agefiph.fr\/ressources-handicap-formation\" data-type=\"link\" data-id=\"https:\/\/www.agefiph.fr\/ressources-handicap-formation\" target=\"_blank\" rel=\"noreferrer noopener\">En savoir plus<\/a> sur les ressources-handicap-formation<\/p>\n\n\n\n<div class=\"wp-block-media-text is-stacked-on-mobile is-vertically-aligned-top\" style=\"grid-template-columns:15% auto\"><figure class=\"wp-block-media-text__media\"><img loading=\"lazy\" decoding=\"async\" width=\"217\" height=\"144\" src=\"http:\/\/www.pc73.net\/wpfacplus\/wp-content\/uploads\/2023\/08\/logo-agefiph.png\" alt=\"\" class=\"wp-image-909 size-full\"\/><\/figure><div class=\"wp-block-media-text__content\">\n<p><mark style=\"background-color:rgba(0, 0, 0, 0)\" class=\"has-inline-color has-neve-link-color-color\">L\u2019AGEFIPH<\/mark> (Association de gestion du fonds pour l\u2019insertion professionnelle des personnes handicap\u00e9es) est charg\u00e9e de g\u00e9rer les financements d\u00e9di\u00e9s \u00e0 l\u2019insertion professionnelle des personnes reconnues handicap\u00e9es. <mark style=\"background-color:rgba(0, 0, 0, 0)\" class=\"has-inline-color has-neve-link-color-color\">L\u2019AGEFIPH<\/mark> attribue des aides financi\u00e8res, propose des services de conseil et d\u2019accompagnement aux personnes reconnues handicap\u00e9es, mais aussi aux employeurs en situation d\u2019embauche ou de maintien dans l\u2019emploi de personnes reconnues handicap\u00e9es. Les personnes \u00e9ligibles aux aides de <mark style=\"background-color:rgba(0, 0, 0, 0)\" class=\"has-inline-color has-neve-link-color-color\">l\u2019AGEFIPH<\/mark> sont celles qui sont b\u00e9n\u00e9ficiaires de l\u2019obligation d\u2019emploi selon l\u2019article L5212-13 du Code du travail.<\/p>\n\n\n\n<p><\/p>\n<\/div><\/div>\n<\/article>\n<\/div><\/div>\n\n\n\n<div style=\"height:50px\" aria-hidden=\"true\" class=\"wp-block-spacer\"><\/div>\n\n\n\n<div class=\"wp-block-group alignfull has-background-color ticss-b6d689f7 has-neve-link-color-background-color has-background has-link-color has-medium-font-size wp-elements-144723183ce5420a6c5303a66ea4297c\" style=\"min-height:40vh;margin-top:0;margin-bottom:0;padding-top:var(--wp--preset--spacing--60);padding-right:var(--wp--preset--spacing--40);padding-bottom:var(--wp--preset--spacing--60);padding-left:var(--wp--preset--spacing--40)\"><div class=\"wp-block-group__inner-container is-layout-constrained wp-container-core-group-is-layout-27c39f3e wp-block-group-is-layout-constrained\">\n<div class=\"wp-block-columns alignwide has-small-font-size is-layout-flex wp-container-core-columns-is-layout-9d6595d7 wp-block-columns-is-layout-flex\">\n<div class=\"wp-block-column ticss-37c2d156 is-layout-flow wp-block-column-is-layout-flow\">\n<p class=\"has-text-align-center has-medium-font-size\">1969 route royale<\/p>\n\n\n\n<p class=\"has-text-align-center has-nv-site-bg-color has-text-color has-large-font-size\">FACPLUS<\/p>\n\n\n\n<p class=\"has-text-align-center has-medium-font-size\">73190 Challes les eaux<\/p>\n\n\n\n<p class=\"has-text-align-center has-nv-site-bg-color has-text-color has-medium-font-size\">Ouverture au public<\/p>\n\n\n\n<p class=\"has-text-align-center has-medium-font-size\">Lundi au vendredi : 9:00 &#8211; 12:00 et 14:00 &#8211; 18:00<\/p>\n\n\n\n<p class=\"has-text-align-center has-medium-font-size\">Lundi matin, vendredi am, samedi matin sur RDV<\/p>\n<\/div>\n\n\n\n<div class=\"wp-block-column ticss-ef63ceff is-layout-flow wp-block-column-is-layout-flow\"><nav class=\"has-text-color has-nv-site-bg-color has-medium-font-size items-justified-center is-vertical wp-block-navigation is-content-justification-center is-layout-flex wp-container-core-navigation-is-layout-9a7cdcfd wp-block-navigation-is-layout-flex\" aria-label=\"web-agency-gb-main-menu\"><ul class=\"wp-block-navigation__container has-text-color has-nv-site-bg-color has-medium-font-size items-justified-center is-vertical wp-block-navigation has-medium-font-size\"><li class=\"has-medium-font-size wp-block-navigation-item menu-item menu-item-type-post_type menu-item-object-page menu-item-home ticss-a9e52769 wp-block-navigation-link\"><a class=\"wp-block-navigation-item__content\"  href=\"http:\/\/www.pc73.net\/wpfacplus\/\" title=\"\"><span class=\"wp-block-navigation-item__label\">Accueil<\/span><\/a><\/li><li class=\"has-medium-font-size wp-block-navigation-item menu-item menu-item-type-post_type wp-block-navigation-link\"><a class=\"wp-block-navigation-item__content\"  href=\"http:\/\/www.pc73.net\/wpfacplus\/historique\/\" title=\"\"><span class=\"wp-block-navigation-item__label\">A propos de nous<\/span><\/a><\/li><li class=\"has-medium-font-size wp-block-navigation-item wp-block-navigation-link\"><a class=\"wp-block-navigation-item__content\"  href=\"https:\/\/goo.gl\/maps\/g7nTJkBkCCo\" target=\"_blank\"   title=\"\"><span class=\"wp-block-navigation-item__label\">Nous situer<\/span><span class=\"wp-block-navigation-item__description\">Situation g\u00e9ographique FACPLUS<\/span><\/a><\/li><li class=\"has-medium-font-size wp-block-navigation-item  menu-item menu-item-type-post_type menu-item-object-page wp-block-navigation-link\"><a class=\"wp-block-navigation-item__content\"  href=\"http:\/\/www.pc73.net\/wpfacplus\/contact\/\" title=\"\"><span class=\"wp-block-navigation-item__label\">Contactez nous<\/span><\/a><\/li><li class=\"wp-block-navigation-item\"><div class=\"is-default-size is-style-default wp-block-site-logo\"><a href=\"http:\/\/www.pc73.net\/wpfacplus\/\" class=\"custom-logo-link\" rel=\"home\"><img loading=\"lazy\" decoding=\"async\" width=\"367\" height=\"376\" src=\"http:\/\/www.pc73.net\/wpfacplus\/wp-content\/uploads\/2023\/09\/logo-fac1-min.png\" class=\"custom-logo\" alt=\"FacPlus\" srcset=\"http:\/\/www.pc73.net\/wpfacplus\/wp-content\/uploads\/2023\/09\/logo-fac1-min.png 367w, http:\/\/www.pc73.net\/wpfacplus\/wp-content\/uploads\/2023\/09\/logo-fac1-min-293x300.png 293w\" sizes=\"auto, (max-width: 367px) 100vw, 367px\" \/><\/a><\/div><\/li><\/ul><\/nav><\/div>\n\n\n\n<div class=\"wp-block-column is-layout-flow wp-block-column-is-layout-flow\">\n<p class=\"has-text-align-center has-medium-font-size\">Suivez-nous<\/p>\n\n\n\n<div class=\"wp-block-group is-vertical is-content-justification-center is-layout-flex wp-container-core-group-is-layout-bdd043ae wp-block-group-is-layout-flex\">\n<p class=\"has-medium-font-size\"><a href=\"https:\/\/www.facebook.com\/FACPLUS.FR\/\" target=\"_blank\" rel=\"noreferrer noopener\">Facebook<\/a><\/p>\n\n\n\n<p class=\"has-medium-font-size\"><a href=\"https:\/\/www.linkedin.com\/in\/fac-plus\/\" target=\"_blank\" rel=\"noreferrer noopener\">Linkedin<\/a><\/p>\n\n\n\n<p><\/p>\n<\/div>\n\n\n\n<div style=\"height:24px\" aria-hidden=\"true\" class=\"wp-block-spacer\"><\/div>\n<\/div>\n<\/div>\n\n\n\n<div class=\"wp-block-group alignwide is-content-justification-center is-layout-flex wp-container-core-group-is-layout-5590e8cb wp-block-group-is-layout-flex\">\n<p class=\"has-text-align-center has-small-font-size\"> D\u00e9velopp\u00e9 par <mark style=\"background-color:rgba(0, 0, 0, 0)\" class=\"has-inline-color has-nv-site-bg-color\">FACPLUS<\/mark><\/p>\n<\/div>\n<\/div><\/div>\n","protected":false},"excerpt":{"rendered":"<p>Le Handicap ? Une offre de formation ouverte \u00e0 tous 1969 route royale FACPLUS 73190 Challes les eaux Ouverture au public Lundi au vendredi : 9:00 &#8211; 12:00 et 14:00 &#8211; 18:00 Lundi matin, vendredi am, samedi matin sur RDV Suivez-nous Facebook Linkedin D\u00e9velopp\u00e9 par FACPLUS<\/p>\n","protected":false},"author":2,"featured_media":0,"parent":0,"menu_order":0,"comment_status":"closed","ping_status":"closed","template":"","meta":{"neve_meta_sidebar":"","neve_meta_container":"full-width","neve_meta_enable_content_width":"","neve_meta_content_width":0,"neve_meta_title_alignment":"","neve_meta_author_avatar":"","neve_post_elements_order":"","neve_meta_disable_header":"","neve_meta_disable_footer":"on","neve_meta_disable_title":"on","neve_meta_reading_time":"","_themeisle_gutenberg_block_has_review":false,"_ti_tpc_template_sync":false,"_ti_tpc_template_id":"","footnotes":""},"class_list":["post-875","page","type-page","status-publish","hentry"],"_links":{"self":[{"href":"http:\/\/www.pc73.net\/wpfacplus\/wp-json\/wp\/v2\/pages\/875","targetHints":{"allow":["GET"]}}],"collection":[{"href":"http:\/\/www.pc73.net\/wpfacplus\/wp-json\/wp\/v2\/pages"}],"about":[{"href":"http:\/\/www.pc73.net\/wpfacplus\/wp-json\/wp\/v2\/types\/page"}],"author":[{"embeddable":true,"href":"http:\/\/www.pc73.net\/wpfacplus\/wp-json\/wp\/v2\/users\/2"}],"replies":[{"embeddable":true,"href":"http:\/\/www.pc73.net\/wpfacplus\/wp-json\/wp\/v2\/comments?post=875"}],"version-history":[{"count":53,"href":"http:\/\/www.pc73.net\/wpfacplus\/wp-json\/wp\/v2\/pages\/875\/revisions"}],"predecessor-version":[{"id":2023,"href":"http:\/\/www.pc73.net\/wpfacplus\/wp-json\/wp\/v2\/pages\/875\/revisions\/2023"}],"wp:attachment":[{"href":"http:\/\/www.pc73.net\/wpfacplus\/wp-json\/wp\/v2\/media?parent=875"}],"curies":[{"name":"wp","href":"https:\/\/api.w.org\/{rel}","templated":true}]}}